{"id":3,"date":"2025-09-16T12:09:11","date_gmt":"2025-09-16T12:09:11","guid":{"rendered":"http:\/\/alemilawgrp.com\/?page_id=3"},"modified":"2026-02-02T00:22:28","modified_gmt":"2026-02-02T00:22:28","slug":"politica-de-privacidad","status":"publish","type":"page","link":"https:\/\/alemilawgrp.com\/es\/politica-de-privacidad\/","title":{"rendered":"Pol\u00edtica de privacidad"},"content":{"rendered":"<div data-elementor-type=\"wp-page\" data-elementor-id=\"3\" class=\"elementor elementor-3\" data-elementor-post-type=\"page\">\n\t\t\t\t<div class=\"elementor-element elementor-element-5cff8f78 e-flex e-con-boxed e-con e-parent\" data-id=\"5cff8f78\" data-element_type=\"container\">\n\t\t\t\t\t<div class=\"e-con-inner\">\n\t\t\t\t<div class=\"elementor-element elementor-element-12dd31e3 elementor-widget elementor-widget-text-editor\" data-id=\"12dd31e3\" data-element_type=\"widget\" data-widget_type=\"text-editor.default\">\n\t\t\t\t\t\t\t\t\t<h1>Pol\u00edtica de privacidad<\/h1>\n<div>\u00a0<\/div>\n<p data-start=\"420\" data-end=\"523\">\u00a0<\/p>\n<p style=\"font-size: medium;\" data-start=\"420\" data-end=\"523\"><b>Alemi Law Group<\/b> (\u201cnosotros\u201d, \u201cnos\u201d o \u201cnuestro\u201d) gestiona el sitio web\u00a0<strong data-start=\"482\" data-end=\"509\"><a href=\"https:\/\/alemilawgrp.com\/es\" target=\"_new\" rel=\"noopener\" data-start=\"484\" data-end=\"507\">https:\/\/alemilawgrp.com<\/a>\u00a0<\/strong>(el \u201cSitio\u201d).<\/p>\n<p style=\"font-size: medium;\" data-start=\"420\" data-end=\"523\">Esta Pol\u00edtica de Privacidad explica c\u00f3mo recogemos, utilizamos y compartimos la informaci\u00f3n cuando usted visita nuestro Sitio o env\u00eda informaci\u00f3n a trav\u00e9s de nuestros formularios.<\/p>\n<h2>Qui\u00e9nes somos<\/h2>\n<p><!-- \/wp:heading --><!-- wp:paragraph --><\/p>\n<p data-start=\"683\" data-end=\"706\">Alemi Law Group es un bufete de abogados que ofrece servicios legales, incluyendo la representaci\u00f3n de California Lemon Law.<\/p>\n<p><!-- \/wp:paragraph --><!-- wp:heading --><\/p>\n<h2>Informaci\u00f3n que recopilamos<\/h2>\n<p><!-- \/wp:heading --><!-- wp:paragraph --><\/p>\n<p data-start=\"873\" data-end=\"952\">Podemos recopilar la siguiente informaci\u00f3n cuando visite nuestro Sitio o se ponga en contacto con nosotros:<\/p>\n<h3 data-start=\"954\" data-end=\"993\">Informaci\u00f3n que facilita voluntariamente<\/h3>\n<p data-start=\"995\" data-end=\"1090\">Cuando env\u00eda un formulario, solicita una consulta o se pone en contacto con nosotros a trav\u00e9s del Sitio, podemos recopilar:<\/p>\n<ul data-start=\"1092\" data-end=\"1236\">\n<li data-start=\"1092\" data-end=\"1105\">\n<p data-start=\"1094\" data-end=\"1105\">tu nombre<\/p>\n<\/li>\n<li data-start=\"1106\" data-end=\"1123\">\n<p data-start=\"1108\" data-end=\"1123\">direcci\u00f3n de correo electr\u00f3nico<\/p>\n<\/li>\n<li data-start=\"1124\" data-end=\"1140\">\n<p data-start=\"1126\" data-end=\"1140\">n\u00famero de tel\u00e9fono<\/p>\n<\/li>\n<li data-start=\"1141\" data-end=\"1190\">\n<p data-start=\"1143\" data-end=\"1190\">informaci\u00f3n sobre su veh\u00edculo o asunto legal<\/p>\n<\/li>\n<li data-start=\"1191\" data-end=\"1236\">\n<p data-start=\"1193\" data-end=\"1236\">cualquier otra informaci\u00f3n que decida facilitar<\/p>\n<\/li>\n<\/ul>\n<p data-start=\"1238\" data-end=\"1334\">El env\u00edo de informaci\u00f3n a trav\u00e9s de este sitio web <strong data-start=\"1287\" data-end=\"1294\">no<\/strong> crear una relaci\u00f3n abogado-cliente.<\/p>\n<p><!-- \/wp:paragraph --><!-- wp:heading --><\/p>\n<h2>Informaci\u00f3n recopilada autom\u00e1ticamente<\/h2>\n<p><!-- \/wp:heading --><!-- wp:paragraph --><\/p>\n<p data-start=\"1382\" data-end=\"1465\">Cuando usted visita nuestro Sitio, cierta informaci\u00f3n se recoge autom\u00e1ticamente, incluyendo:<\/p>\n<ul data-start=\"1467\" data-end=\"1603\">\n<li data-start=\"1467\" data-end=\"1481\">\n<p data-start=\"1469\" data-end=\"1481\">Direcci\u00f3n IP<\/p>\n<\/li>\n<li data-start=\"1482\" data-end=\"1521\">\n<p data-start=\"1484\" data-end=\"1521\">tipo de navegador e informaci\u00f3n del dispositivo<\/p>\n<\/li>\n<li data-start=\"1522\" data-end=\"1566\">\n<p data-start=\"1524\" data-end=\"1566\">p\u00e1ginas visitadas y tiempo pasado en el Sitio<\/p>\n<\/li>\n<li data-start=\"1567\" data-end=\"1603\">\n<p data-start=\"1569\" data-end=\"1603\">sitio web o anuncio de referencia<\/p>\n<\/li>\n<\/ul>\n<p data-start=\"1605\" data-end=\"1674\">Esta informaci\u00f3n se recoge utilizando cookies y tecnolog\u00edas similares.<\/p>\n<p><!-- \/wp:paragraph --><!-- wp:heading --><\/p>\n<h2>C\u00f3mo utilizamos su informaci\u00f3n<\/h2>\n<p><!-- \/wp:heading --><!-- wp:paragraph --><\/p>\n<p data-start=\"1713\" data-end=\"1740\">Utilizamos su informaci\u00f3n para:<\/p>\n<ul data-start=\"1742\" data-end=\"2023\">\n<li data-start=\"1742\" data-end=\"1792\">\n<p data-start=\"1744\" data-end=\"1792\">responder a las preguntas y solicitudes de consulta<\/p>\n<\/li>\n<li data-start=\"1793\" data-end=\"1829\">\n<p data-start=\"1795\" data-end=\"1829\">evaluar posibles asuntos jur\u00eddicos<\/p>\n<\/li>\n<li data-start=\"1830\" data-end=\"1873\">\n<p data-start=\"1832\" data-end=\"1873\">comunicarnos con usted en relaci\u00f3n con su solicitud<\/p>\n<\/li>\n<li data-start=\"1874\" data-end=\"1910\">\n<p data-start=\"1876\" data-end=\"1910\">mejorar nuestro sitio web y nuestros servicios<\/p>\n<\/li>\n<li data-start=\"1911\" data-end=\"1976\">\n<p data-start=\"1913\" data-end=\"1976\">medir y mejorar nuestros resultados publicitarios y de marketing<\/p>\n<\/li>\n<li data-start=\"1977\" data-end=\"2023\">\n<p data-start=\"1979\" data-end=\"2023\">cumplir las obligaciones legales y reglamentarias<\/p>\n<\/li>\n<\/ul>\n<p><!-- \/wp:paragraph --><!-- wp:heading --><\/p>\n<h2>Tecnolog\u00edas publicitarias y anal\u00edticas<\/h2>\n<p><!-- \/wp:heading --><!-- wp:paragraph --><\/p>\n<p data-start=\"2073\" data-end=\"2308\">Utilizamos herramientas publicitarias y anal\u00edticas de terceros, incluidas las siguientes <strong data-start=\"2139\" data-end=\"2178\">Meta Pixel (Facebook e Instagram)<\/strong> y tecnolog\u00edas similares, para ayudarnos a comprender c\u00f3mo utilizan los visitantes nuestro sitio web y medir la eficacia de nuestra publicidad.<\/p>\n<p data-start=\"2310\" data-end=\"2354\">Estas herramientas pueden recoger informaci\u00f3n como<\/p>\n<ul data-start=\"2356\" data-end=\"2454\">\n<li data-start=\"2356\" data-end=\"2370\">\n<p data-start=\"2358\" data-end=\"2370\">Direcci\u00f3n IP<\/p>\n<\/li>\n<li data-start=\"2371\" data-end=\"2405\">\n<p data-start=\"2373\" data-end=\"2405\">informaci\u00f3n sobre el navegador y el dispositivo<\/p>\n<\/li>\n<li data-start=\"2406\" data-end=\"2454\">\n<p data-start=\"2408\" data-end=\"2454\">p\u00e1ginas visitadas y acciones realizadas en nuestro sitio web<\/p>\n<\/li>\n<\/ul>\n<p data-start=\"2456\" data-end=\"2715\">Cuando usted env\u00eda informaci\u00f3n a trav\u00e9s de los formularios de nuestro sitio web, informaci\u00f3n limitada como su direcci\u00f3n de correo electr\u00f3nico o n\u00famero de tel\u00e9fono puede ser transmitida de forma segura en formato hash a socios publicitarios con el \u00fanico fin de medir y mejorar el rendimiento de la publicidad.<\/p>\n<p data-start=\"2717\" data-end=\"2758\">No vendemos su informaci\u00f3n personal.<\/p>\n<p><!-- \/wp:paragraph --><!-- wp:heading --><\/p>\n<h2>Cookies<\/h2>\n<p><!-- \/wp:heading --><!-- wp:paragraph --><\/p>\n<p data-start=\"2777\" data-end=\"2828\">Las cookies son peque\u00f1os archivos de datos que se almacenan en su dispositivo.<\/p>\n<p data-start=\"2830\" data-end=\"2873\">Utilizamos cookies y tecnolog\u00edas similares para:<\/p>\n<ul data-start=\"2875\" data-end=\"3000\">\n<li data-start=\"2875\" data-end=\"2910\">\n<p data-start=\"2877\" data-end=\"2910\">habilitar las funciones b\u00e1sicas del sitio<\/p>\n<\/li>\n<li data-start=\"2911\" data-end=\"2954\">\n<p data-start=\"2913\" data-end=\"2954\">analizar el tr\u00e1fico y el rendimiento del sitio web<\/p>\n<\/li>\n<li data-start=\"2955\" data-end=\"3000\">\n<p data-start=\"2957\" data-end=\"3000\">apoyar la publicidad y el seguimiento de las conversiones<\/p>\n<\/li>\n<\/ul>\n<p data-start=\"3002\" data-end=\"3146\">Puede controlar o desactivar las cookies a trav\u00e9s de la configuraci\u00f3n de su navegador. Deshabilitar las cookies puede afectar a la funcionalidad de ciertas partes del Sitio.<\/p>\n<p><!-- \/wp:paragraph --><!-- wp:heading --><\/p>\n<h2>Contenido incrustado de otros sitios web<\/h2>\n<p><!-- \/wp:heading --><!-- wp:paragraph --><\/p>\n<p data-start=\"3194\" data-end=\"3280\">Nuestro Sitio puede incluir contenido incrustado (como v\u00eddeos, mapas o contenido de redes sociales).<\/p>\n<p data-start=\"3282\" data-end=\"3497\">El contenido incrustado de otros sitios web se comporta de la misma manera que si visitara esos sitios directamente. Esos sitios web pueden recopilar datos sobre usted, utilizar cookies y rastrear su interacci\u00f3n con el contenido incrustado.<\/p>\n<p><!-- \/wp:paragraph --><!-- wp:heading --><\/p>\n<h2 data-start=\"187\" data-end=\"217\">Con qui\u00e9n compartimos sus datos<\/h2>\n<p><!-- \/wp:heading --><!-- wp:paragraph --><\/p>\n<p data-start=\"219\" data-end=\"254\">Podemos compartir su informaci\u00f3n con:<\/p>\n<ul data-start=\"256\" data-end=\"618\">\n<li data-start=\"256\" data-end=\"361\">\n<p data-start=\"258\" data-end=\"361\">proveedores de servicios que ayudan a operar nuestro sitio web, sistemas de comunicaciones e infraestructura tecnol\u00f3gica<\/p>\n<\/li>\n<li data-start=\"362\" data-end=\"489\">\n<p data-start=\"364\" data-end=\"489\">proveedores de marketing y an\u00e1lisis (como Meta y plataformas similares) para la medici\u00f3n de la publicidad y el an\u00e1lisis del rendimiento<\/p>\n<\/li>\n<li data-start=\"490\" data-end=\"618\">\n<p data-start=\"492\" data-end=\"618\"><strong data-start=\"492\" data-end=\"618\">otros bufetes o abogados, si su asunto puede ser tratado mejor por otro bufete<\/strong><\/p>\n<\/li>\n<\/ul>\n<p data-start=\"620\" data-end=\"705\">Tambi\u00e9n podemos revelar informaci\u00f3n cuando lo exija la ley, una orden judicial o un proceso legal.<\/p>\n<p data-start=\"707\" data-end=\"748\">No vendemos su informaci\u00f3n personal.<\/p>\n<p><!-- \/wp:paragraph --><!-- wp:heading --><\/p>\n<h2>Cu\u00e1nto tiempo conservamos sus datos<\/h2>\n<p><!-- \/wp:heading --><!-- wp:paragraph --><\/p>\n<p data-start=\"3946\" data-end=\"4021\">Conservamos la informaci\u00f3n personal s\u00f3lo durante el tiempo razonablemente necesario para:<\/p>\n<ul data-start=\"4023\" data-end=\"4140\">\n<li data-start=\"4023\" data-end=\"4050\">\n<p data-start=\"4025\" data-end=\"4050\">responder a su consulta<\/p>\n<\/li>\n<li data-start=\"4051\" data-end=\"4091\">\n<p data-start=\"4053\" data-end=\"4091\">evaluar su posible asunto jur\u00eddico<\/p>\n<\/li>\n<li data-start=\"4092\" data-end=\"4140\">\n<p data-start=\"4094\" data-end=\"4140\">cumplir las obligaciones legales y profesionales<\/p>\n<\/li>\n<\/ul>\n<p data-start=\"4142\" data-end=\"4251\">La informaci\u00f3n enviada a trav\u00e9s de este sitio web puede conservarse aunque no se establezca una relaci\u00f3n abogado-cliente.<\/p>\n<h2 data-start=\"4258\" data-end=\"4296\">Qu\u00e9 derechos tiene sobre sus datos<\/h2>\n<div>\n<p data-start=\"4298\" data-end=\"4314\">Puede solicitarlo:<\/p>\n<ul data-start=\"4316\" data-end=\"4507\">\n<li data-start=\"4316\" data-end=\"4370\">\n<p data-start=\"4318\" data-end=\"4370\">acceso a la informaci\u00f3n personal que tenemos sobre usted<\/p>\n<\/li>\n<li data-start=\"4371\" data-end=\"4409\">\n<p data-start=\"4373\" data-end=\"4409\">correcci\u00f3n de datos inexactos<\/p>\n<\/li>\n<li data-start=\"4410\" data-end=\"4507\">\n<p data-start=\"4412\" data-end=\"4507\">supresi\u00f3n de sus datos personales, con sujeci\u00f3n a los requisitos legales y profesionales de conservaci\u00f3n<\/p>\n<\/li>\n<\/ul>\n<p data-start=\"4509\" data-end=\"4574\">Para realizar una solicitud, p\u00f3ngase en contacto con nosotros utilizando la informaci\u00f3n que figura a continuaci\u00f3n.<\/p>\n<h2 style=\"color: #000000; font-family: 'Bricolage Grotesque', sans-serif; font-weight: 500; line-height: 46.8px; font-size: 39px;\" data-start=\"4258\" data-end=\"4296\">Descargo de responsabilidad de la relaci\u00f3n abogado-cliente<\/h2>\n<div>El env\u00edo de informaci\u00f3n a trav\u00e9s de este sitio web no crea una relaci\u00f3n abogado-cliente. Una relaci\u00f3n abogado-cliente se forma s\u00f3lo despu\u00e9s de un acuerdo escrito firmado por usted y Alemi Law Group.<\/div>\n<h2 style=\"color: #000000; font-family: 'Bricolage Grotesque', sans-serif; font-weight: 500; line-height: 46.8px; font-size: 39px;\" data-start=\"4258\" data-end=\"4296\">Cambios en esta pol\u00edtica de privacidad<\/h2>\n<div>Podemos actualizar esta Pol\u00edtica de Privacidad de vez en cuando. Cualquier cambio se publicar\u00e1 en esta p\u00e1gina con una fecha de entrada en vigor actualizada.<\/div>\n<div>\n<h2 style=\"color: #000000; font-family: 'Bricolage Grotesque', sans-serif; font-weight: 500; line-height: 46.8px; font-size: 39px;\" data-start=\"4258\" data-end=\"4296\">P\u00f3ngase en contacto con nosotros<\/h2>\n<div>\n<p data-start=\"5578\" data-end=\"5677\">Si tiene alguna pregunta sobre esta Pol\u00edtica de Privacidad o sobre c\u00f3mo tratamos su informaci\u00f3n, puede ponerse en contacto con:<\/p>\n<p data-start=\"5679\" data-end=\"5733\"><strong data-start=\"5679\" data-end=\"5698\">Alemi Law Group<\/strong><br data-start=\"5698\" data-end=\"5701\" \/>P\u00e1gina web: <a href=\"https:\/\/alemilawgrp.com\/es\" target=\"_new\" rel=\"noopener\" data-start=\"5710\" data-end=\"5733\">https:\/\/alemilawgrp.com<\/a><\/p>\n<p data-start=\"5679\" data-end=\"5733\">Tel\u00e9fono: (818)-946-9911<\/p>\n<\/div>\n<\/div>\n<p data-start=\"4509\" data-end=\"4574\">\u00a0<\/p>\n<\/div>\n<p data-start=\"4142\" data-end=\"4251\">\u00a0<\/p>\n<p><!-- \/wp:paragraph --><\/p>\t\t\t\t\t\t\t\t<\/div>\n\t\t\t\t\t<\/div>\n\t\t\t\t<\/div>\n\t\t\t\t<\/div>\n\t\t\n    <div class=\"xs_social_share_widget xs_share_url after_content \t\tmain_content  wslu-style-1 wslu-share-box-shaped wslu-fill-colored wslu-none wslu-share-horizontal wslu-theme-font-no wslu-main_content\">\n\n\t\t\n        <ul>\n\t\t\t        <\/ul>\n    <\/div>","protected":false},"excerpt":{"rendered":"<p>Privacy Policy \u00a0 \u00a0 Alemi Law Group (\u201cwe,\u201d \u201cus,\u201d or \u201cour\u201d) operates the website\u00a0https:\/\/alemilawgrp.com\u00a0(the \u201cSite\u201d). This Privacy Policy explains how we collect, use, and share information when you visit our Site or submit information through our forms. Who we are Alemi Law Group is a law firm providing legal services, including California Lemon Law representation. [&hellip;]<\/p>","protected":false},"author":1,"featured_media":0,"parent":0,"menu_order":0,"comment_status":"closed","ping_status":"open","template":"","meta":{"postBodyCss":"","postBodyMargin":[],"postBodyPadding":[],"postBodyBackground":{"backgroundType":"classic","gradient":""},"footnotes":""},"class_list":["post-3","page","type-page","status-publish","hentry"],"yoast_head":"<!-- This site is optimized with the Yoast SEO plugin v26.6 - https:\/\/yoast.com\/wordpress\/plugins\/seo\/ -->\n<title>Privacy Policy - Alemi Law<\/title>\n<meta name=\"robots\" content=\"index, follow, max-snippet:-1, max-image-preview:large, max-video-preview:-1\" \/>\n<link rel=\"canonical\" href=\"https:\/\/alemilawgrp.com\/es\/politica-de-privacidad\/\" \/>\n<meta property=\"og:locale\" content=\"es_ES\" \/>\n<meta property=\"og:type\" content=\"article\" \/>\n<meta property=\"og:title\" content=\"Privacy Policy - Alemi Law\" \/>\n<meta property=\"og:description\" content=\"Privacy Policy \u00a0 \u00a0 Alemi Law Group (\u201cwe,\u201d \u201cus,\u201d or \u201cour\u201d) operates the website\u00a0https:\/\/alemilawgrp.com\u00a0(the \u201cSite\u201d). This Privacy Policy explains how we collect, use, and share information when you visit our Site or submit information through our forms. Who we are Alemi Law Group is a law firm providing legal services, including California Lemon Law representation. [&hellip;]\" \/>\n<meta property=\"og:url\" content=\"https:\/\/alemilawgrp.com\/es\/politica-de-privacidad\/\" \/>\n<meta property=\"og:site_name\" content=\"Alemi Law Group\" \/>\n<meta property=\"article:publisher\" content=\"https:\/\/www.facebook.com\/alemilawgrp?mibextid=wwXIfr\" \/>\n<meta property=\"article:modified_time\" content=\"2026-02-02T00:22:28+00:00\" \/>\n<meta name=\"twitter:card\" content=\"summary_large_image\" \/>\n<meta name=\"twitter:label1\" content=\"Tiempo de lectura\" \/>\n\t<meta name=\"twitter:data1\" content=\"3 minutos\" \/>\n<script type=\"application\/ld+json\" class=\"yoast-schema-graph\">{\"@context\":\"https:\/\/schema.org\",\"@graph\":[{\"@type\":\"WebPage\",\"@id\":\"https:\/\/alemilawgrp.com\/privacy-policy\/\",\"url\":\"https:\/\/alemilawgrp.com\/privacy-policy\/\",\"name\":\"Privacy Policy - Alemi Law\",\"isPartOf\":{\"@id\":\"https:\/\/alemilawgrp.com\/#website\"},\"datePublished\":\"2025-09-16T12:09:11+00:00\",\"dateModified\":\"2026-02-02T00:22:28+00:00\",\"breadcrumb\":{\"@id\":\"https:\/\/alemilawgrp.com\/privacy-policy\/#breadcrumb\"},\"inLanguage\":\"es\",\"potentialAction\":[{\"@type\":\"ReadAction\",\"target\":[\"https:\/\/alemilawgrp.com\/privacy-policy\/\"]}]},{\"@type\":\"BreadcrumbList\",\"@id\":\"https:\/\/alemilawgrp.com\/privacy-policy\/#breadcrumb\",\"itemListElement\":[{\"@type\":\"ListItem\",\"position\":1,\"name\":\"Home\",\"item\":\"https:\/\/alemilawgrp.com\/\"},{\"@type\":\"ListItem\",\"position\":2,\"name\":\"Privacy Policy\"}]},{\"@type\":\"WebSite\",\"@id\":\"https:\/\/alemilawgrp.com\/#website\",\"url\":\"https:\/\/alemilawgrp.com\/\",\"name\":\"Alemi Law Group\",\"description\":\"\",\"publisher\":{\"@id\":\"https:\/\/alemilawgrp.com\/#organization\"},\"potentialAction\":[{\"@type\":\"SearchAction\",\"target\":{\"@type\":\"EntryPoint\",\"urlTemplate\":\"https:\/\/alemilawgrp.com\/?s={search_term_string}\"},\"query-input\":{\"@type\":\"PropertyValueSpecification\",\"valueRequired\":true,\"valueName\":\"search_term_string\"}}],\"inLanguage\":\"es\"},{\"@type\":\"Organization\",\"@id\":\"https:\/\/alemilawgrp.com\/#organization\",\"name\":\"Alemi Law Group\",\"url\":\"https:\/\/alemilawgrp.com\/\",\"logo\":{\"@type\":\"ImageObject\",\"inLanguage\":\"es\",\"@id\":\"https:\/\/alemilawgrp.com\/#\/schema\/logo\/image\/\",\"url\":\"https:\/\/alemilawgrp.com\/wp-content\/uploads\/2025\/11\/Black-logo-no-background-1-scaled.png\",\"contentUrl\":\"https:\/\/alemilawgrp.com\/wp-content\/uploads\/2025\/11\/Black-logo-no-background-1-scaled.png\",\"width\":2560,\"height\":2560,\"caption\":\"Alemi Law Group\"},\"image\":{\"@id\":\"https:\/\/alemilawgrp.com\/#\/schema\/logo\/image\/\"},\"sameAs\":[\"https:\/\/www.facebook.com\/alemilawgrp?mibextid=wwXIfr\",\"https:\/\/www.instagram.com\/alemilemonlaw\/?hl=en\",\"https:\/\/www.tiktok.com\/@alemilemonlaw\"]}]}<\/script>\n<!-- \/ Yoast SEO plugin. -->","yoast_head_json":{"title":"Pol\u00edtica de privacidad - Alemi Law","robots":{"index":"index","follow":"follow","max-snippet":"max-snippet:-1","max-image-preview":"max-image-preview:large","max-video-preview":"max-video-preview:-1"},"canonical":"https:\/\/alemilawgrp.com\/es\/politica-de-privacidad\/","og_locale":"es_ES","og_type":"article","og_title":"Privacy Policy - Alemi Law","og_description":"Privacy Policy \u00a0 \u00a0 Alemi Law Group (\u201cwe,\u201d \u201cus,\u201d or \u201cour\u201d) operates the website\u00a0https:\/\/alemilawgrp.com\u00a0(the \u201cSite\u201d). This Privacy Policy explains how we collect, use, and share information when you visit our Site or submit information through our forms. Who we are Alemi Law Group is a law firm providing legal services, including California Lemon Law representation. [&hellip;]","og_url":"https:\/\/alemilawgrp.com\/es\/politica-de-privacidad\/","og_site_name":"Alemi Law Group","article_publisher":"https:\/\/www.facebook.com\/alemilawgrp?mibextid=wwXIfr","article_modified_time":"2026-02-02T00:22:28+00:00","twitter_card":"summary_large_image","twitter_misc":{"Tiempo de lectura":"3 minutos"},"schema":{"@context":"https:\/\/schema.org","@graph":[{"@type":"WebPage","@id":"https:\/\/alemilawgrp.com\/privacy-policy\/","url":"https:\/\/alemilawgrp.com\/privacy-policy\/","name":"Pol\u00edtica de privacidad - Alemi Law","isPartOf":{"@id":"https:\/\/alemilawgrp.com\/#website"},"datePublished":"2025-09-16T12:09:11+00:00","dateModified":"2026-02-02T00:22:28+00:00","breadcrumb":{"@id":"https:\/\/alemilawgrp.com\/privacy-policy\/#breadcrumb"},"inLanguage":"es","potentialAction":[{"@type":"ReadAction","target":["https:\/\/alemilawgrp.com\/privacy-policy\/"]}]},{"@type":"BreadcrumbList","@id":"https:\/\/alemilawgrp.com\/privacy-policy\/#breadcrumb","itemListElement":[{"@type":"ListItem","position":1,"name":"Home","item":"https:\/\/alemilawgrp.com\/"},{"@type":"ListItem","position":2,"name":"Privacy Policy"}]},{"@type":"WebSite","@id":"https:\/\/alemilawgrp.com\/#website","url":"https:\/\/alemilawgrp.com\/","name":"Alemi Law Group","description":"","publisher":{"@id":"https:\/\/alemilawgrp.com\/#organization"},"potentialAction":[{"@type":"SearchAction","target":{"@type":"EntryPoint","urlTemplate":"https:\/\/alemilawgrp.com\/?s={search_term_string}"},"query-input":{"@type":"PropertyValueSpecification","valueRequired":true,"valueName":"search_term_string"}}],"inLanguage":"es"},{"@type":"Organization","@id":"https:\/\/alemilawgrp.com\/#organization","name":"Alemi Law Group","url":"https:\/\/alemilawgrp.com\/","logo":{"@type":"ImageObject","inLanguage":"es","@id":"https:\/\/alemilawgrp.com\/#\/schema\/logo\/image\/","url":"https:\/\/alemilawgrp.com\/wp-content\/uploads\/2025\/11\/Black-logo-no-background-1-scaled.png","contentUrl":"https:\/\/alemilawgrp.com\/wp-content\/uploads\/2025\/11\/Black-logo-no-background-1-scaled.png","width":2560,"height":2560,"caption":"Alemi Law Group"},"image":{"@id":"https:\/\/alemilawgrp.com\/#\/schema\/logo\/image\/"},"sameAs":["https:\/\/www.facebook.com\/alemilawgrp?mibextid=wwXIfr","https:\/\/www.instagram.com\/alemilemonlaw\/?hl=en","https:\/\/www.tiktok.com\/@alemilemonlaw"]}]}},"_links":{"self":[{"href":"https:\/\/alemilawgrp.com\/es\/wp-json\/wp\/v2\/pages\/3","targetHints":{"allow":["GET"]}}],"collection":[{"href":"https:\/\/alemilawgrp.com\/es\/wp-json\/wp\/v2\/pages"}],"about":[{"href":"https:\/\/alemilawgrp.com\/es\/wp-json\/wp\/v2\/types\/page"}],"author":[{"embeddable":true,"href":"https:\/\/alemilawgrp.com\/es\/wp-json\/wp\/v2\/users\/1"}],"replies":[{"embeddable":true,"href":"https:\/\/alemilawgrp.com\/es\/wp-json\/wp\/v2\/comments?post=3"}],"version-history":[{"count":6,"href":"https:\/\/alemilawgrp.com\/es\/wp-json\/wp\/v2\/pages\/3\/revisions"}],"predecessor-version":[{"id":2304,"href":"https:\/\/alemilawgrp.com\/es\/wp-json\/wp\/v2\/pages\/3\/revisions\/2304"}],"wp:attachment":[{"href":"https:\/\/alemilawgrp.com\/es\/wp-json\/wp\/v2\/media?parent=3"}],"curies":[{"name":"wp","href":"https:\/\/api.w.org\/{rel}","templated":true}]}}