{"id":1951,"date":"2025-12-22T20:42:31","date_gmt":"2025-12-22T20:42:31","guid":{"rendered":"http:\/\/alemilawgrp.com\/?page_id=1951"},"modified":"2025-12-22T20:44:43","modified_gmt":"2025-12-22T20:44:43","slug":"danos-personales","status":"publish","type":"page","link":"https:\/\/alemilawgrp.com\/es\/danos-personales\/","title":{"rendered":"Da\u00f1os corporales"},"content":{"rendered":"<div data-elementor-type=\"wp-page\" data-elementor-id=\"1951\" class=\"elementor elementor-1951\" data-elementor-post-type=\"page\">\n\t\t\t\t<div class=\"elementor-element elementor-element-72308035 e-con-full e-flex e-con e-parent\" data-id=\"72308035\" data-element_type=\"container\">\n\t\t\t\t<div class=\"elementor-element elementor-element-735cc801 elementor-widget elementor-widget-template\" data-id=\"735cc801\" data-element_type=\"widget\" data-widget_type=\"template.default\">\n\t\t\t\t<div class=\"elementor-widget-container\">\n\t\t\t\t\t\t\t<div class=\"elementor-template\">\n\t\t\t\t\t<div data-elementor-type=\"section\" data-elementor-id=\"931\" class=\"elementor elementor-931\" data-elementor-post-type=\"elementor_library\">\n\t\t\t<div class=\"elementor-element elementor-element-a0f3392 e-flex e-con-boxed e-con e-parent\" data-id=\"a0f3392\" data-element_type=\"container\">\n\t\t\t\t\t<div class=\"e-con-inner\">\n\t\t<div class=\"elementor-element elementor-element-54a5d19 e-con-full e-flex e-con e-child\" data-id=\"54a5d19\" data-element_type=\"container\">\n\t\t\t\t<div class=\"elementor-element elementor-element-daeeaa5 elementor-invisible elementor-widget elementor-widget-heading\" data-id=\"daeeaa5\" data-element_type=\"widget\" data-settings=\"{&quot;_animation&quot;:&quot;fadeInUp&quot;,&quot;_animation_delay&quot;:200}\" data-widget_type=\"heading.default\">\n\t\t\t\t\t<h1 class=\"elementor-heading-title elementor-size-default\">Da\u00f1os corporales<\/h1>\t\t\t\t<\/div>\n\t\t\t\t<div class=\"elementor-element elementor-element-675e8bd elementor-icon-list--layout-inline elementor-align-center elementor-list-item-link-full_width elementor-invisible elementor-widget elementor-widget-icon-list\" data-id=\"675e8bd\" data-element_type=\"widget\" data-settings=\"{&quot;_animation&quot;:&quot;fadeInDown&quot;,&quot;_animation_delay&quot;:300}\" data-widget_type=\"icon-list.default\">\n\t\t\t\t\t\t\t<ul class=\"elementor-icon-list-items elementor-inline-items\">\n\t\t\t\t\t\t\t<li class=\"elementor-icon-list-item elementor-inline-item\">\n\t\t\t\t\t\t\t\t\t\t\t<a href=\"https:\/\/alemilawgrp.com\/es\">\n\n\t\t\t\t\t\t\t\t\t\t\t<span class=\"elementor-icon-list-text\">Inicio<\/span>\n\t\t\t\t\t\t\t\t\t\t\t<\/a>\n\t\t\t\t\t\t\t\t\t<\/li>\n\t\t\t\t\t\t\t\t<li class=\"elementor-icon-list-item elementor-inline-item\">\n\t\t\t\t\t\t\t\t\t\t<span class=\"elementor-icon-list-text\">Da\u00f1os corporales<\/span>\n\t\t\t\t\t\t\t\t\t<\/li>\n\t\t\t\t\t\t<\/ul>\n\t\t\t\t\t\t<\/div>\n\t\t\t\t<\/div>\n\t\t\t\t\t<\/div>\n\t\t\t\t<\/div>\n\t\t\t\t<\/div>\n\t\t\t\t<\/div>\n\t\t\t\t\t\t<\/div>\n\t\t\t\t<\/div>\n\t\t\t\t<\/div>\n\t\t<div class=\"elementor-element elementor-element-4524227e e-flex e-con-boxed e-con e-parent\" data-id=\"4524227e\" data-element_type=\"container\" data-settings=\"{&quot;background_background&quot;:&quot;classic&quot;}\">\n\t\t\t\t\t<div class=\"e-con-inner\">\n\t\t<div class=\"elementor-element elementor-element-7454b1b5 e-con-full e-flex elementor-invisible e-con e-child\" data-id=\"7454b1b5\" data-element_type=\"container\" data-settings=\"{&quot;animation&quot;:&quot;fadeInLeft&quot;,&quot;animation_delay&quot;:300}\">\n\t\t\t\t<div class=\"elementor-element elementor-element-75d0c594 elementor-widget elementor-widget-image\" data-id=\"75d0c594\" data-element_type=\"widget\" data-settings=\"{&quot;sticky&quot;:&quot;top&quot;,&quot;sticky_parent&quot;:&quot;yes&quot;,&quot;sticky_on&quot;:[&quot;desktop&quot;,&quot;tablet&quot;,&quot;mobile&quot;],&quot;sticky_offset&quot;:0,&quot;sticky_effects_offset&quot;:0,&quot;sticky_anchor_link_offset&quot;:0}\" data-widget_type=\"image.default\">\n\t\t\t\t\t\t\t\t\t\t\t\t\t\t\t<img fetchpriority=\"high\" decoding=\"async\" width=\"2560\" height=\"1707\" src=\"https:\/\/alemilawgrp.com\/wp-content\/uploads\/2025\/12\/ART_8183-copy-scaled.jpg\" class=\"attachment-full size-full wp-image-1953\" alt=\"\" srcset=\"https:\/\/alemilawgrp.com\/wp-content\/uploads\/2025\/12\/ART_8183-copy-scaled.jpg 2560w, https:\/\/alemilawgrp.com\/wp-content\/uploads\/2025\/12\/ART_8183-copy-300x200.jpg 300w, https:\/\/alemilawgrp.com\/wp-content\/uploads\/2025\/12\/ART_8183-copy-1024x683.jpg 1024w, https:\/\/alemilawgrp.com\/wp-content\/uploads\/2025\/12\/ART_8183-copy-768x512.jpg 768w, https:\/\/alemilawgrp.com\/wp-content\/uploads\/2025\/12\/ART_8183-copy-1536x1024.jpg 1536w, https:\/\/alemilawgrp.com\/wp-content\/uploads\/2025\/12\/ART_8183-copy-2048x1365.jpg 2048w, https:\/\/alemilawgrp.com\/wp-content\/uploads\/2025\/12\/ART_8183-copy-18x12.jpg 18w\" sizes=\"(max-width: 2560px) 100vw, 2560px\" \/>\t\t\t\t\t\t\t\t\t\t\t\t\t\t\t<\/div>\n\t\t\t\t<\/div>\n\t\t<div class=\"elementor-element elementor-element-787d2f6b e-con-full e-flex elementor-invisible e-con e-child\" data-id=\"787d2f6b\" data-element_type=\"container\" data-settings=\"{&quot;animation&quot;:&quot;fadeInRight&quot;,&quot;animation_delay&quot;:350}\">\n\t\t\t\t<div class=\"elementor-element elementor-element-d8f4977 elementor-widget elementor-widget-heading\" data-id=\"d8f4977\" data-element_type=\"widget\" data-widget_type=\"heading.default\">\n\t\t\t\t\t<h3 class=\"elementor-heading-title elementor-size-default\">Derecho de da\u00f1os personales en California<\/h3>\t\t\t\t<\/div>\n\t\t\t\t<div class=\"elementor-element elementor-element-6b28a90f elementor-widget elementor-widget-heading\" data-id=\"6b28a90f\" data-element_type=\"widget\" data-widget_type=\"heading.default\">\n\t\t\t\t\t<div class=\"elementor-heading-title elementor-size-default\">Sufrir una lesi\u00f3n debido a la negligencia de otra persona puede cambiar su vida al instante. Las facturas m\u00e9dicas, el tiempo de baja laboral y el estr\u00e9s de la recuperaci\u00f3n pueden resultar abrumadores, y no deber\u00edas tener que soportar esa carga t\u00fa solo.<br><br>\nEn <b>Alemi Law Group<\/b>, Ayudamos a individuos y familias a navegar el proceso de lesiones personales con claridad, compasi\u00f3n y defensa inquebrantable. Nuestra empresa se compromete a hacer frente a las compa\u00f1\u00edas de seguros, la protecci\u00f3n de sus derechos, y ayudarle a seguir adelante con confianza.<\/div>\t\t\t\t<\/div>\n\t\t\t\t<div class=\"elementor-element elementor-element-523e60f2 elementor-widget elementor-widget-heading\" data-id=\"523e60f2\" data-element_type=\"widget\" data-widget_type=\"heading.default\">\n\t\t\t\t\t<div class=\"elementor-heading-title elementor-size-default\"><b>\u00bfQu\u00e9 es un caso de lesiones personales?<\/b><br><br>\n\n\nUn caso de lesiones personales surge cuando alguien resulta perjudicado porque otra persona, empresa o entidad actu\u00f3 de forma negligente o no actu\u00f3 de forma responsable. Si usted fue lesionado - f\u00edsica, emocional o econ\u00f3micamente - puede tener derecho a una indemnizaci\u00f3n en virtud de la ley de California.\n\nSituaciones comunes incluyen accidentes automovil\u00edsticos, condiciones de propiedad inseguras, productos defectuosos y otros incidentes evitables.<\/div>\t\t\t\t<\/div>\n\t\t\t\t<div class=\"elementor-element elementor-element-555d4a5b elementor-widget elementor-widget-heading\" data-id=\"555d4a5b\" data-element_type=\"widget\" data-widget_type=\"heading.default\">\n\t\t\t\t\t<div class=\"elementor-heading-title elementor-size-default\"><b>Casos que llevamos<\/b>\n\n\n<br><br>- Accidentes de tr\u00e1fico\n<br>\n- Accidentes de camiones\n<br>\n- Accidentes de moto\n<br>\n- Accidentes de peatones y ciclistas\n<br>\n- Accidentes de veh\u00edculos compartidos (Uber\/Lyft)\n<br>\n- Resbalones y ca\u00eddas \/ Responsabilidad de los locales\n<br>\n- Mordeduras de perro\n<br>\n- Muerte por negligencia<\/div>\t\t\t\t<\/div>\n\t\t\t\t<\/div>\n\t\t\t\t\t<\/div>\n\t\t\t\t<\/div>\n\t\t<div class=\"elementor-element elementor-element-2cf4e174 e-flex e-con-boxed e-con e-parent\" data-id=\"2cf4e174\" data-element_type=\"container\" data-settings=\"{&quot;background_background&quot;:&quot;classic&quot;}\">\n\t\t\t\t\t<div class=\"e-con-inner\">\n\t\t<div class=\"elementor-element elementor-element-705ab2d2 e-con-full e-flex elementor-invisible e-con e-child\" data-id=\"705ab2d2\" data-element_type=\"container\" data-settings=\"{&quot;animation&quot;:&quot;fadeInRight&quot;,&quot;animation_delay&quot;:350}\">\n\t\t\t\t<div class=\"elementor-element elementor-element-3b925fea elementor-widget elementor-widget-heading\" data-id=\"3b925fea\" data-element_type=\"widget\" data-widget_type=\"heading.default\">\n\t\t\t\t\t<h3 class=\"elementor-heading-title elementor-size-default\">\u00bfQu\u00e9 indemnizaci\u00f3n puede recibir?\n<\/h3>\t\t\t\t<\/div>\n\t\t\t\t<div class=\"elementor-element elementor-element-6a801643 elementor-widget elementor-widget-heading\" data-id=\"6a801643\" data-element_type=\"widget\" data-widget_type=\"heading.default\">\n\t\t\t\t\t<div class=\"elementor-heading-title elementor-size-default\">Dependiendo de su caso, la indemnizaci\u00f3n puede incluir:\n<br><br>\n- Facturas m\u00e9dicas y futuros cuidados m\u00e9dicos\n<br>\n- P\u00e9rdida de salario y de capacidad de ganancia\n<br>\n- Dolor y sufrimiento\n<br>\n- Angustia emocional\n<br>\n- Da\u00f1os materiales\n<br>\n- Indemnizaci\u00f3n por muerte por negligencia (si procede)\n<br><br>\nCada caso es \u00fanico - nuestro equipo eval\u00faa su situaci\u00f3n para buscar la compensaci\u00f3n total que se merece.<\/div>\t\t\t\t<\/div>\n\t\t\t\t<div class=\"elementor-element elementor-element-2e09f76 elementor-widget elementor-widget-heading\" data-id=\"2e09f76\" data-element_type=\"widget\" data-widget_type=\"heading.default\">\n\t\t\t\t\t<h3 class=\"elementor-heading-title elementor-size-default\">\u00bfNecesito un abogado para una demanda por lesiones personales?<\/h3>\t\t\t\t<\/div>\n\t\t\t\t<div class=\"elementor-element elementor-element-153a9209 elementor-widget elementor-widget-heading\" data-id=\"153a9209\" data-element_type=\"widget\" data-widget_type=\"heading.default\">\n\t\t\t\t\t<div class=\"elementor-heading-title elementor-size-default\">Las compa\u00f1\u00edas de seguros son negocios - y su objetivo es pagar lo menos posible. Tener un abogado bien informado puede hacer una diferencia significativa en el resultado, la l\u00ednea de tiempo, y el estr\u00e9s. Nuestra empresa gestiona todos los aspectos de su reclamo por lo que no est\u00e1n presionados a aceptar menos de lo que se merece.<\/div>\t\t\t\t<\/div>\n\t\t\t\t<div class=\"elementor-element elementor-element-119525cc elementor-widget elementor-widget-heading\" data-id=\"119525cc\" data-element_type=\"widget\" data-widget_type=\"heading.default\">\n\t\t\t\t\t<h3 class=\"elementor-heading-title elementor-size-default\">Comience con una consulta gratuita\n<\/h3>\t\t\t\t<\/div>\n\t\t\t\t<div class=\"elementor-element elementor-element-2ea39af8 elementor-widget elementor-widget-heading\" data-id=\"2ea39af8\" data-element_type=\"widget\" data-widget_type=\"heading.default\">\n\t\t\t\t\t<div class=\"elementor-heading-title elementor-size-default\">Si se lesion\u00f3 debido a la negligencia de otra persona, no espere para obtener ayuda. Una orientaci\u00f3n legal temprana puede proteger sus derechos y fortalecer su caso.\n<br><br>\nConsulta gratuita - Sin gastos por adelantado\n<br><br><span style=\"font-weight: bolder\">Llame al (818) 946-9911<\/span><br><br><span style=\"font-weight: bolder\">Correo electr\u00f3nico: info@alemilawgrp.com<\/span><\/div>\t\t\t\t<\/div>\n\t\t\t\t<\/div>\n\t\t\t\t\t<\/div>\n\t\t\t\t<\/div>\n\t\t\t\t<\/div>\n\t\t\n    <div class=\"xs_social_share_widget xs_share_url after_content \t\tmain_content  wslu-style-1 wslu-share-box-shaped wslu-fill-colored wslu-none wslu-share-horizontal wslu-theme-font-no wslu-main_content\">\n\n\t\t\n        <ul>\n\t\t\t        <\/ul>\n    <\/div>","protected":false},"excerpt":{"rendered":"<p>Personal Injury Law in California Sustaining an injury because of someone else\u2019s negligence can change your life instantly. Medical bills, time away from work, and the stress of recovery can feel overwhelming \u2014 and you shouldn\u2019t have to carry that burden alone. At Alemi Law Group, we help individuals and families navigate the personal injury [&hellip;]<\/p>","protected":false},"author":1,"featured_media":0,"parent":0,"menu_order":0,"comment_status":"closed","ping_status":"closed","template":"","meta":{"postBodyCss":"","postBodyMargin":[],"postBodyPadding":[],"postBodyBackground":{"backgroundType":"classic","gradient":""},"footnotes":""},"class_list":["post-1951","page","type-page","status-publish","hentry"],"yoast_head":"<!-- This site is optimized with the Yoast SEO plugin v26.6 - https:\/\/yoast.com\/wordpress\/plugins\/seo\/ -->\n<title>Personal Injury - Alemi Law<\/title>\n<meta name=\"description\" content=\"California personal injury lawyer helping accident victims get justice and fair compensation. Compassionate support, clear guidance, and free consultations statewide.\" \/>\n<meta name=\"robots\" content=\"index, follow, max-snippet:-1, max-image-preview:large, max-video-preview:-1\" \/>\n<link rel=\"canonical\" href=\"https:\/\/alemilawgrp.com\/es\/danos-personales\/\" \/>\n<meta property=\"og:locale\" content=\"es_ES\" \/>\n<meta property=\"og:type\" content=\"article\" \/>\n<meta property=\"og:title\" content=\"Personal Injury - Alemi Law\" \/>\n<meta property=\"og:description\" content=\"California personal injury lawyer helping accident victims get justice and fair compensation. Compassionate support, clear guidance, and free consultations statewide.\" \/>\n<meta property=\"og:url\" content=\"https:\/\/alemilawgrp.com\/es\/danos-personales\/\" \/>\n<meta property=\"og:site_name\" content=\"Alemi Law Group\" \/>\n<meta property=\"article:publisher\" content=\"https:\/\/www.facebook.com\/alemilawgrp?mibextid=wwXIfr\" \/>\n<meta property=\"article:modified_time\" content=\"2025-12-22T20:44:43+00:00\" \/>\n<meta property=\"og:image\" content=\"http:\/\/alemilawgrp.com\/wp-content\/uploads\/2025\/12\/ART_8183-copy-scaled.jpg\" \/>\n<meta name=\"twitter:card\" content=\"summary_large_image\" \/>\n<meta name=\"twitter:label1\" content=\"Tiempo de lectura\" \/>\n\t<meta name=\"twitter:data1\" content=\"1 minuto\" \/>\n<script type=\"application\/ld+json\" class=\"yoast-schema-graph\">{\"@context\":\"https:\/\/schema.org\",\"@graph\":[{\"@type\":\"WebPage\",\"@id\":\"https:\/\/alemilawgrp.com\/personal-injury\/\",\"url\":\"https:\/\/alemilawgrp.com\/personal-injury\/\",\"name\":\"Personal Injury - Alemi Law\",\"isPartOf\":{\"@id\":\"https:\/\/alemilawgrp.com\/#website\"},\"primaryImageOfPage\":{\"@id\":\"https:\/\/alemilawgrp.com\/personal-injury\/#primaryimage\"},\"image\":{\"@id\":\"https:\/\/alemilawgrp.com\/personal-injury\/#primaryimage\"},\"thumbnailUrl\":\"http:\/\/alemilawgrp.com\/wp-content\/uploads\/2025\/12\/ART_8183-copy-scaled.jpg\",\"datePublished\":\"2025-12-22T20:42:31+00:00\",\"dateModified\":\"2025-12-22T20:44:43+00:00\",\"description\":\"California personal injury lawyer helping accident victims get justice and fair compensation. Compassionate support, clear guidance, and free consultations statewide.\",\"breadcrumb\":{\"@id\":\"https:\/\/alemilawgrp.com\/personal-injury\/#breadcrumb\"},\"inLanguage\":\"es\",\"potentialAction\":[{\"@type\":\"ReadAction\",\"target\":[\"https:\/\/alemilawgrp.com\/personal-injury\/\"]}]},{\"@type\":\"ImageObject\",\"inLanguage\":\"es\",\"@id\":\"https:\/\/alemilawgrp.com\/personal-injury\/#primaryimage\",\"url\":\"http:\/\/alemilawgrp.com\/wp-content\/uploads\/2025\/12\/ART_8183-copy-scaled.jpg\",\"contentUrl\":\"http:\/\/alemilawgrp.com\/wp-content\/uploads\/2025\/12\/ART_8183-copy-scaled.jpg\"},{\"@type\":\"BreadcrumbList\",\"@id\":\"https:\/\/alemilawgrp.com\/personal-injury\/#breadcrumb\",\"itemListElement\":[{\"@type\":\"ListItem\",\"position\":1,\"name\":\"Home\",\"item\":\"https:\/\/alemilawgrp.com\/\"},{\"@type\":\"ListItem\",\"position\":2,\"name\":\"Personal Injury\"}]},{\"@type\":\"WebSite\",\"@id\":\"https:\/\/alemilawgrp.com\/#website\",\"url\":\"https:\/\/alemilawgrp.com\/\",\"name\":\"Alemi Law Group\",\"description\":\"\",\"publisher\":{\"@id\":\"https:\/\/alemilawgrp.com\/#organization\"},\"potentialAction\":[{\"@type\":\"SearchAction\",\"target\":{\"@type\":\"EntryPoint\",\"urlTemplate\":\"https:\/\/alemilawgrp.com\/?s={search_term_string}\"},\"query-input\":{\"@type\":\"PropertyValueSpecification\",\"valueRequired\":true,\"valueName\":\"search_term_string\"}}],\"inLanguage\":\"es\"},{\"@type\":\"Organization\",\"@id\":\"https:\/\/alemilawgrp.com\/#organization\",\"name\":\"Alemi Law Group\",\"url\":\"https:\/\/alemilawgrp.com\/\",\"logo\":{\"@type\":\"ImageObject\",\"inLanguage\":\"es\",\"@id\":\"https:\/\/alemilawgrp.com\/#\/schema\/logo\/image\/\",\"url\":\"https:\/\/alemilawgrp.com\/wp-content\/uploads\/2025\/11\/Black-logo-no-background-1-scaled.png\",\"contentUrl\":\"https:\/\/alemilawgrp.com\/wp-content\/uploads\/2025\/11\/Black-logo-no-background-1-scaled.png\",\"width\":2560,\"height\":2560,\"caption\":\"Alemi Law Group\"},\"image\":{\"@id\":\"https:\/\/alemilawgrp.com\/#\/schema\/logo\/image\/\"},\"sameAs\":[\"https:\/\/www.facebook.com\/alemilawgrp?mibextid=wwXIfr\",\"https:\/\/www.instagram.com\/alemilemonlaw\/?hl=en\",\"https:\/\/www.tiktok.com\/@alemilemonlaw\"]}]}<\/script>\n<!-- \/ Yoast SEO plugin. -->","yoast_head_json":{"title":"Lesiones Personales - Alemi Law","description":"Abogado de lesiones personales de California que ayuda a las v\u00edctimas de accidentes a obtener justicia y una indemnizaci\u00f3n justa. Apoyo compasivo, orientaci\u00f3n clara y consultas gratuitas en todo el estado.","robots":{"index":"index","follow":"follow","max-snippet":"max-snippet:-1","max-image-preview":"max-image-preview:large","max-video-preview":"max-video-preview:-1"},"canonical":"https:\/\/alemilawgrp.com\/es\/danos-personales\/","og_locale":"es_ES","og_type":"article","og_title":"Personal Injury - Alemi Law","og_description":"California personal injury lawyer helping accident victims get justice and fair compensation. Compassionate support, clear guidance, and free consultations statewide.","og_url":"https:\/\/alemilawgrp.com\/es\/danos-personales\/","og_site_name":"Alemi Law Group","article_publisher":"https:\/\/www.facebook.com\/alemilawgrp?mibextid=wwXIfr","article_modified_time":"2025-12-22T20:44:43+00:00","og_image":[{"url":"http:\/\/alemilawgrp.com\/wp-content\/uploads\/2025\/12\/ART_8183-copy-scaled.jpg","type":"","width":"","height":""}],"twitter_card":"summary_large_image","twitter_misc":{"Tiempo de lectura":"1 minuto"},"schema":{"@context":"https:\/\/schema.org","@graph":[{"@type":"WebPage","@id":"https:\/\/alemilawgrp.com\/personal-injury\/","url":"https:\/\/alemilawgrp.com\/personal-injury\/","name":"Lesiones Personales - Alemi Law","isPartOf":{"@id":"https:\/\/alemilawgrp.com\/#website"},"primaryImageOfPage":{"@id":"https:\/\/alemilawgrp.com\/personal-injury\/#primaryimage"},"image":{"@id":"https:\/\/alemilawgrp.com\/personal-injury\/#primaryimage"},"thumbnailUrl":"http:\/\/alemilawgrp.com\/wp-content\/uploads\/2025\/12\/ART_8183-copy-scaled.jpg","datePublished":"2025-12-22T20:42:31+00:00","dateModified":"2025-12-22T20:44:43+00:00","description":"Abogado de lesiones personales de California que ayuda a las v\u00edctimas de accidentes a obtener justicia y una indemnizaci\u00f3n justa. Apoyo compasivo, orientaci\u00f3n clara y consultas gratuitas en todo el estado.","breadcrumb":{"@id":"https:\/\/alemilawgrp.com\/personal-injury\/#breadcrumb"},"inLanguage":"es","potentialAction":[{"@type":"ReadAction","target":["https:\/\/alemilawgrp.com\/personal-injury\/"]}]},{"@type":"ImageObject","inLanguage":"es","@id":"https:\/\/alemilawgrp.com\/personal-injury\/#primaryimage","url":"http:\/\/alemilawgrp.com\/wp-content\/uploads\/2025\/12\/ART_8183-copy-scaled.jpg","contentUrl":"http:\/\/alemilawgrp.com\/wp-content\/uploads\/2025\/12\/ART_8183-copy-scaled.jpg"},{"@type":"BreadcrumbList","@id":"https:\/\/alemilawgrp.com\/personal-injury\/#breadcrumb","itemListElement":[{"@type":"ListItem","position":1,"name":"Home","item":"https:\/\/alemilawgrp.com\/"},{"@type":"ListItem","position":2,"name":"Personal Injury"}]},{"@type":"WebSite","@id":"https:\/\/alemilawgrp.com\/#website","url":"https:\/\/alemilawgrp.com\/","name":"Alemi Law Group","description":"","publisher":{"@id":"https:\/\/alemilawgrp.com\/#organization"},"potentialAction":[{"@type":"SearchAction","target":{"@type":"EntryPoint","urlTemplate":"https:\/\/alemilawgrp.com\/?s={search_term_string}"},"query-input":{"@type":"PropertyValueSpecification","valueRequired":true,"valueName":"search_term_string"}}],"inLanguage":"es"},{"@type":"Organization","@id":"https:\/\/alemilawgrp.com\/#organization","name":"Alemi Law Group","url":"https:\/\/alemilawgrp.com\/","logo":{"@type":"ImageObject","inLanguage":"es","@id":"https:\/\/alemilawgrp.com\/#\/schema\/logo\/image\/","url":"https:\/\/alemilawgrp.com\/wp-content\/uploads\/2025\/11\/Black-logo-no-background-1-scaled.png","contentUrl":"https:\/\/alemilawgrp.com\/wp-content\/uploads\/2025\/11\/Black-logo-no-background-1-scaled.png","width":2560,"height":2560,"caption":"Alemi Law Group"},"image":{"@id":"https:\/\/alemilawgrp.com\/#\/schema\/logo\/image\/"},"sameAs":["https:\/\/www.facebook.com\/alemilawgrp?mibextid=wwXIfr","https:\/\/www.instagram.com\/alemilemonlaw\/?hl=en","https:\/\/www.tiktok.com\/@alemilemonlaw"]}]}},"_links":{"self":[{"href":"https:\/\/alemilawgrp.com\/es\/wp-json\/wp\/v2\/pages\/1951","targetHints":{"allow":["GET"]}}],"collection":[{"href":"https:\/\/alemilawgrp.com\/es\/wp-json\/wp\/v2\/pages"}],"about":[{"href":"https:\/\/alemilawgrp.com\/es\/wp-json\/wp\/v2\/types\/page"}],"author":[{"embeddable":true,"href":"https:\/\/alemilawgrp.com\/es\/wp-json\/wp\/v2\/users\/1"}],"replies":[{"embeddable":true,"href":"https:\/\/alemilawgrp.com\/es\/wp-json\/wp\/v2\/comments?post=1951"}],"version-history":[{"count":7,"href":"https:\/\/alemilawgrp.com\/es\/wp-json\/wp\/v2\/pages\/1951\/revisions"}],"predecessor-version":[{"id":1959,"href":"https:\/\/alemilawgrp.com\/es\/wp-json\/wp\/v2\/pages\/1951\/revisions\/1959"}],"wp:attachment":[{"href":"https:\/\/alemilawgrp.com\/es\/wp-json\/wp\/v2\/media?parent=1951"}],"curies":[{"name":"wp","href":"https:\/\/api.w.org\/{rel}","templated":true}]}}