{"id":1622,"date":"2025-11-28T06:25:55","date_gmt":"2025-11-28T06:25:55","guid":{"rendered":"http:\/\/alemilawgrp.com\/?page_id=1622"},"modified":"2025-11-28T13:54:40","modified_gmt":"2025-11-28T13:54:40","slug":"zonas-atendidas","status":"publish","type":"page","link":"https:\/\/alemilawgrp.com\/es\/zonas-atendidas\/","title":{"rendered":"Zonas atendidas"},"content":{"rendered":"<div data-elementor-type=\"wp-page\" data-elementor-id=\"1622\" class=\"elementor elementor-1622\" data-elementor-post-type=\"page\">\n\t\t\t\t<div class=\"elementor-element elementor-element-6faca34a e-con-full e-flex e-con e-parent\" data-id=\"6faca34a\" data-element_type=\"container\">\n\t\t\t\t<div class=\"elementor-element elementor-element-28aadc8e elementor-widget elementor-widget-template\" data-id=\"28aadc8e\" data-element_type=\"widget\" data-widget_type=\"template.default\">\n\t\t\t\t<div class=\"elementor-widget-container\">\n\t\t\t\t\t\t\t<div class=\"elementor-template\">\n\t\t\t\t\t<div data-elementor-type=\"section\" data-elementor-id=\"931\" class=\"elementor elementor-931\" data-elementor-post-type=\"elementor_library\">\n\t\t\t<div class=\"elementor-element elementor-element-a0f3392 e-flex e-con-boxed e-con e-parent\" data-id=\"a0f3392\" data-element_type=\"container\">\n\t\t\t\t\t<div class=\"e-con-inner\">\n\t\t<div class=\"elementor-element elementor-element-54a5d19 e-con-full e-flex e-con e-child\" data-id=\"54a5d19\" data-element_type=\"container\">\n\t\t\t\t<div class=\"elementor-element elementor-element-daeeaa5 elementor-invisible elementor-widget elementor-widget-heading\" data-id=\"daeeaa5\" data-element_type=\"widget\" data-settings=\"{&quot;_animation&quot;:&quot;fadeInUp&quot;,&quot;_animation_delay&quot;:200}\" data-widget_type=\"heading.default\">\n\t\t\t\t\t<h1 class=\"elementor-heading-title elementor-size-default\">Zonas atendidas<\/h1>\t\t\t\t<\/div>\n\t\t\t\t<div class=\"elementor-element elementor-element-675e8bd elementor-icon-list--layout-inline elementor-align-center elementor-list-item-link-full_width elementor-invisible elementor-widget elementor-widget-icon-list\" data-id=\"675e8bd\" data-element_type=\"widget\" data-settings=\"{&quot;_animation&quot;:&quot;fadeInDown&quot;,&quot;_animation_delay&quot;:300}\" data-widget_type=\"icon-list.default\">\n\t\t\t\t\t\t\t<ul class=\"elementor-icon-list-items elementor-inline-items\">\n\t\t\t\t\t\t\t<li class=\"elementor-icon-list-item elementor-inline-item\">\n\t\t\t\t\t\t\t\t\t\t\t<a href=\"https:\/\/alemilawgrp.com\/es\">\n\n\t\t\t\t\t\t\t\t\t\t\t<span class=\"elementor-icon-list-text\">Inicio<\/span>\n\t\t\t\t\t\t\t\t\t\t\t<\/a>\n\t\t\t\t\t\t\t\t\t<\/li>\n\t\t\t\t\t\t\t\t<li class=\"elementor-icon-list-item elementor-inline-item\">\n\t\t\t\t\t\t\t\t\t\t<span class=\"elementor-icon-list-text\">Zonas atendidas<\/span>\n\t\t\t\t\t\t\t\t\t<\/li>\n\t\t\t\t\t\t<\/ul>\n\t\t\t\t\t\t<\/div>\n\t\t\t\t<\/div>\n\t\t\t\t\t<\/div>\n\t\t\t\t<\/div>\n\t\t\t\t<\/div>\n\t\t\t\t<\/div>\n\t\t\t\t\t\t<\/div>\n\t\t\t\t<\/div>\n\t\t\t\t<\/div>\n\t\t<div class=\"elementor-element elementor-element-afd3a63 e-flex e-con-boxed e-con e-parent\" data-id=\"afd3a63\" data-element_type=\"container\" data-settings=\"{&quot;background_background&quot;:&quot;classic&quot;}\">\n\t\t\t\t\t<div class=\"e-con-inner\">\n\t\t\t\t<div class=\"elementor-element elementor-element-508b2a6 elementor-widget elementor-widget-text-editor\" data-id=\"508b2a6\" data-element_type=\"widget\" data-widget_type=\"text-editor.default\">\n\t\t\t\t\t\t\t\t\t<h3 style=\"text-align: center;\"><b>California Lemon Law &amp; Personal Injury Representaci\u00f3n - En todo el Estado<\/b><\/h3><p style=\"text-align: center;\"><b><i>\u00a0<\/i><\/b><\/p><p style=\"text-align: left;\"><span style=\"font-weight: 400;\">En Alemi Law Group, PC, estamos orgullosos de ofrecer representaci\u00f3n integral de la Ley del Lim\u00f3n de California y de lesiones personales a clientes en todo el estado. Ya sea que est\u00e9 enfrentando problemas continuos con un veh\u00edculo defectuoso o recuper\u00e1ndose de un accidente, nuestra firma est\u00e1 comprometida a apoyar a los consumidores y v\u00edctimas de lesiones en todo el sur de California, California Central y el norte de California.<\/span><\/p><p style=\"text-align: left;\"><span style=\"font-weight: 400;\">Nuestra oficina, ubicada en Sherman Oaks en el condado de Los \u00c1ngeles, sirve a clientes en todo California con representaci\u00f3n legal personalizada, accesible y pr\u00e1ctica. Entendemos lo abrumador que puede ser una demanda de la Ley del Lim\u00f3n o un caso de lesiones personales, especialmente en las regiones m\u00e1s concurridas de California, donde las quejas por veh\u00edculos defectuosos y las demandas por lesiones son comunes. Es por eso que nuestro equipo se dedica a hacer el proceso simple, libre de estr\u00e9s, y eficiente, no importa donde usted vive.<\/span><\/p><p style=\"text-align: left;\"><span style=\"font-weight: 400;\">M\u00e1s all\u00e1 del sur de California, Alemi Law Group se enorgullece de ayudar a las personas en todo el centro y el norte de California tambi\u00e9n. Desde los corredores agr\u00edcolas del Valle Central hasta las \u00e1reas de alto tr\u00e1fico del \u00c1rea de la Bah\u00eda y los condados m\u00e1s tranquilos del Norte de California, nuestra firma proporciona el mismo nivel de atenci\u00f3n, comunicaci\u00f3n y fuerza legal en todas las regiones. Entendemos los desaf\u00edos \u00fanicos que los propietarios de veh\u00edculos y las v\u00edctimas de lesiones enfrentan en diferentes partes del estado, y adaptamos nuestro enfoque para satisfacer las necesidades de cada comunidad.<\/span><\/p><p style=\"text-align: left;\"><span style=\"font-weight: 400;\">No importa su ubicaci\u00f3n, usted puede confiar en Alemi Law Group para la representaci\u00f3n legal de primer nivel sin gastos de bolsillo. Bajo la Ley del Lim\u00f3n de California, el fabricante paga los honorarios de su abogado en casos exitosos de la Ley del Lim\u00f3n. Para asuntos de lesiones personales, trabajamos en base a honorarios de contingencia - lo que significa que s\u00f3lo paga si ganamos. Esto le permite buscar justicia y compensaci\u00f3n con confianza y tranquilidad.<\/span><\/p>\t\t\t\t\t\t\t\t<\/div>\n\t\t\t\t\t<\/div>\n\t\t\t\t<\/div>\n\t\t<div class=\"elementor-element elementor-element-f72d593 e-flex e-con-boxed e-con e-parent\" data-id=\"f72d593\" data-element_type=\"container\" data-settings=\"{&quot;background_background&quot;:&quot;classic&quot;}\">\n\t\t\t\t\t<div class=\"e-con-inner\">\n\t\t<div class=\"elementor-element elementor-element-1a17d15f e-con-full e-flex e-con e-child\" data-id=\"1a17d15f\" data-element_type=\"container\" data-settings=\"{&quot;background_background&quot;:&quot;classic&quot;}\">\n\t\t\t\t<div class=\"elementor-element elementor-element-24b6fc0f elementor-widget elementor-widget-heading\" data-id=\"24b6fc0f\" data-element_type=\"widget\" data-widget_type=\"heading.default\">\n\t\t\t\t\t<h2 class=\"elementor-heading-title elementor-size-default\"><a href=\"http:\/\/alemilawgrp.com\/es\/zonas-atendidas\/sur-de-california\/\">Sur de California<\/a><\/h2>\t\t\t\t<\/div>\n\t\t\t\t<div class=\"elementor-element elementor-element-2f428ab elementor-widget elementor-widget-image\" data-id=\"2f428ab\" data-element_type=\"widget\" data-widget_type=\"image.default\">\n\t\t\t\t\t\t\t\t\t\t\t\t\t\t\t<img fetchpriority=\"high\" decoding=\"async\" width=\"800\" height=\"800\" src=\"https:\/\/alemilawgrp.com\/wp-content\/uploads\/2025\/11\/Gemini_Generated_Image_tbd7botbd7botbd7_cleanup.jpg\" class=\"attachment-large size-large wp-image-1627\" alt=\"\" srcset=\"https:\/\/alemilawgrp.com\/wp-content\/uploads\/2025\/11\/Gemini_Generated_Image_tbd7botbd7botbd7_cleanup.jpg 1024w, https:\/\/alemilawgrp.com\/wp-content\/uploads\/2025\/11\/Gemini_Generated_Image_tbd7botbd7botbd7_cleanup-300x300.jpg 300w, https:\/\/alemilawgrp.com\/wp-content\/uploads\/2025\/11\/Gemini_Generated_Image_tbd7botbd7botbd7_cleanup-150x150.jpg 150w, https:\/\/alemilawgrp.com\/wp-content\/uploads\/2025\/11\/Gemini_Generated_Image_tbd7botbd7botbd7_cleanup-768x768.jpg 768w, https:\/\/alemilawgrp.com\/wp-content\/uploads\/2025\/11\/Gemini_Generated_Image_tbd7botbd7botbd7_cleanup-12x12.jpg 12w\" sizes=\"(max-width: 800px) 100vw, 800px\" \/>\t\t\t\t\t\t\t\t\t\t\t\t\t\t\t<\/div>\n\t\t\t\t<\/div>\n\t\t<div class=\"elementor-element elementor-element-7ba18ed3 e-con-full e-flex e-con e-child\" data-id=\"7ba18ed3\" data-element_type=\"container\" data-settings=\"{&quot;background_background&quot;:&quot;classic&quot;}\">\n\t\t\t\t<div class=\"elementor-element elementor-element-44f53cf8 elementor-widget elementor-widget-heading\" data-id=\"44f53cf8\" data-element_type=\"widget\" data-widget_type=\"heading.default\">\n\t\t\t\t\t<h2 class=\"elementor-heading-title elementor-size-default\"><a href=\"http:\/\/alemilawgrp.com\/es\/zonas-atendidas\/california-central\/\">California Central<\/a><\/h2>\t\t\t\t<\/div>\n\t\t\t\t<div class=\"elementor-element elementor-element-b27576c elementor-widget elementor-widget-image\" data-id=\"b27576c\" data-element_type=\"widget\" data-widget_type=\"image.default\">\n\t\t\t\t\t\t\t\t\t\t\t\t\t\t\t<img decoding=\"async\" width=\"800\" height=\"800\" src=\"https:\/\/alemilawgrp.com\/wp-content\/uploads\/2025\/11\/Gemini_Generated_Image_pzx9ejpzx9ejpzx9_cleanup.jpg\" class=\"attachment-large size-large wp-image-1662\" alt=\"\" srcset=\"https:\/\/alemilawgrp.com\/wp-content\/uploads\/2025\/11\/Gemini_Generated_Image_pzx9ejpzx9ejpzx9_cleanup.jpg 1024w, https:\/\/alemilawgrp.com\/wp-content\/uploads\/2025\/11\/Gemini_Generated_Image_pzx9ejpzx9ejpzx9_cleanup-300x300.jpg 300w, https:\/\/alemilawgrp.com\/wp-content\/uploads\/2025\/11\/Gemini_Generated_Image_pzx9ejpzx9ejpzx9_cleanup-150x150.jpg 150w, https:\/\/alemilawgrp.com\/wp-content\/uploads\/2025\/11\/Gemini_Generated_Image_pzx9ejpzx9ejpzx9_cleanup-768x768.jpg 768w, https:\/\/alemilawgrp.com\/wp-content\/uploads\/2025\/11\/Gemini_Generated_Image_pzx9ejpzx9ejpzx9_cleanup-12x12.jpg 12w\" sizes=\"(max-width: 800px) 100vw, 800px\" \/>\t\t\t\t\t\t\t\t\t\t\t\t\t\t\t<\/div>\n\t\t\t\t<\/div>\n\t\t<div class=\"elementor-element elementor-element-79a990d7 e-con-full e-flex e-con e-child\" data-id=\"79a990d7\" data-element_type=\"container\" data-settings=\"{&quot;background_background&quot;:&quot;classic&quot;}\">\n\t\t\t\t<div class=\"elementor-element elementor-element-1a03b60d elementor-widget elementor-widget-heading\" data-id=\"1a03b60d\" data-element_type=\"widget\" data-widget_type=\"heading.default\">\n\t\t\t\t\t<h2 class=\"elementor-heading-title elementor-size-default\"><a href=\"http:\/\/alemilawgrp.com\/es\/zonas-atendidas\/norte-de-california\/\">Norte de California<\/a><\/h2>\t\t\t\t<\/div>\n\t\t\t\t<div class=\"elementor-element elementor-element-d102b86 elementor-widget elementor-widget-image\" data-id=\"d102b86\" data-element_type=\"widget\" data-widget_type=\"image.default\">\n\t\t\t\t\t\t\t\t\t\t\t\t\t\t\t<img decoding=\"async\" width=\"800\" height=\"800\" src=\"https:\/\/alemilawgrp.com\/wp-content\/uploads\/2025\/11\/Gemini_Generated_Image_88lf4h88lf4h88lf_cleanup.jpg\" class=\"attachment-large size-large wp-image-1629\" alt=\"\" srcset=\"https:\/\/alemilawgrp.com\/wp-content\/uploads\/2025\/11\/Gemini_Generated_Image_88lf4h88lf4h88lf_cleanup.jpg 1024w, https:\/\/alemilawgrp.com\/wp-content\/uploads\/2025\/11\/Gemini_Generated_Image_88lf4h88lf4h88lf_cleanup-300x300.jpg 300w, https:\/\/alemilawgrp.com\/wp-content\/uploads\/2025\/11\/Gemini_Generated_Image_88lf4h88lf4h88lf_cleanup-150x150.jpg 150w, https:\/\/alemilawgrp.com\/wp-content\/uploads\/2025\/11\/Gemini_Generated_Image_88lf4h88lf4h88lf_cleanup-768x768.jpg 768w, https:\/\/alemilawgrp.com\/wp-content\/uploads\/2025\/11\/Gemini_Generated_Image_88lf4h88lf4h88lf_cleanup-12x12.jpg 12w\" sizes=\"(max-width: 800px) 100vw, 800px\" \/>\t\t\t\t\t\t\t\t\t\t\t\t\t\t\t<\/div>\n\t\t\t\t<\/div>\n\t\t\t\t\t<\/div>\n\t\t\t\t<\/div>\n\t\t\t\t<\/div>\n\t\t\n    <div class=\"xs_social_share_widget xs_share_url after_content \t\tmain_content  wslu-style-1 wslu-share-box-shaped wslu-fill-colored wslu-none wslu-share-horizontal wslu-theme-font-no wslu-main_content\">\n\n\t\t\n        <ul>\n\t\t\t        <\/ul>\n    <\/div>","protected":false},"excerpt":{"rendered":"<p>California Lemon Law &amp; Personal Injury Representation \u2014 Statewide \u00a0 At Alemi Law Group, PC, we are proud to provide comprehensive California Lemon Law and personal injury representation to clients throughout the entire state. Whether you\u2019re facing ongoing problems with a defective vehicle or recovering from an accident, our firm is committed to supporting consumers [&hellip;]<\/p>","protected":false},"author":1,"featured_media":0,"parent":0,"menu_order":0,"comment_status":"closed","ping_status":"closed","template":"","meta":{"postBodyCss":"","postBodyMargin":[],"postBodyPadding":[],"postBodyBackground":{"backgroundType":"classic","gradient":""},"footnotes":""},"class_list":["post-1622","page","type-page","status-publish","hentry"],"yoast_head":"<!-- This site is optimized with the Yoast SEO plugin v26.6 - https:\/\/yoast.com\/wordpress\/plugins\/seo\/ -->\n<title>Areas Served - Alemi Law<\/title>\n<meta name=\"description\" content=\"Alemi Law Group proudly serves clients across California with Lemon Law and Personal Injury representation. Statewide help, compassionate support, and FREE consultations.\" \/>\n<meta name=\"robots\" content=\"index, follow, max-snippet:-1, max-image-preview:large, max-video-preview:-1\" \/>\n<link rel=\"canonical\" href=\"https:\/\/alemilawgrp.com\/es\/zonas-atendidas\/\" \/>\n<meta property=\"og:locale\" content=\"es_ES\" \/>\n<meta property=\"og:type\" content=\"article\" \/>\n<meta property=\"og:title\" content=\"Areas Served - Alemi Law\" \/>\n<meta property=\"og:description\" content=\"Alemi Law Group proudly serves clients across California with Lemon Law and Personal Injury representation. Statewide help, compassionate support, and FREE consultations.\" \/>\n<meta property=\"og:url\" content=\"https:\/\/alemilawgrp.com\/es\/zonas-atendidas\/\" \/>\n<meta property=\"og:site_name\" content=\"Alemi Law Group\" \/>\n<meta property=\"article:publisher\" content=\"https:\/\/www.facebook.com\/alemilawgrp?mibextid=wwXIfr\" \/>\n<meta property=\"article:modified_time\" content=\"2025-11-28T13:54:40+00:00\" \/>\n<meta property=\"og:image\" content=\"http:\/\/alemilawgrp.com\/wp-content\/uploads\/2025\/11\/Gemini_Generated_Image_tbd7botbd7botbd7_cleanup.jpg\" \/>\n<meta name=\"twitter:card\" content=\"summary_large_image\" \/>\n<meta name=\"twitter:label1\" content=\"Tiempo de lectura\" \/>\n\t<meta name=\"twitter:data1\" content=\"1 minuto\" \/>\n<script type=\"application\/ld+json\" class=\"yoast-schema-graph\">{\"@context\":\"https:\/\/schema.org\",\"@graph\":[{\"@type\":\"WebPage\",\"@id\":\"https:\/\/alemilawgrp.com\/areas-served\/\",\"url\":\"https:\/\/alemilawgrp.com\/areas-served\/\",\"name\":\"Areas Served - Alemi Law\",\"isPartOf\":{\"@id\":\"https:\/\/alemilawgrp.com\/#website\"},\"primaryImageOfPage\":{\"@id\":\"https:\/\/alemilawgrp.com\/areas-served\/#primaryimage\"},\"image\":{\"@id\":\"https:\/\/alemilawgrp.com\/areas-served\/#primaryimage\"},\"thumbnailUrl\":\"http:\/\/alemilawgrp.com\/wp-content\/uploads\/2025\/11\/Gemini_Generated_Image_tbd7botbd7botbd7_cleanup.jpg\",\"datePublished\":\"2025-11-28T06:25:55+00:00\",\"dateModified\":\"2025-11-28T13:54:40+00:00\",\"description\":\"Alemi Law Group proudly serves clients across California with Lemon Law and Personal Injury representation. Statewide help, compassionate support, and FREE consultations.\",\"breadcrumb\":{\"@id\":\"https:\/\/alemilawgrp.com\/areas-served\/#breadcrumb\"},\"inLanguage\":\"es\",\"potentialAction\":[{\"@type\":\"ReadAction\",\"target\":[\"https:\/\/alemilawgrp.com\/areas-served\/\"]}]},{\"@type\":\"ImageObject\",\"inLanguage\":\"es\",\"@id\":\"https:\/\/alemilawgrp.com\/areas-served\/#primaryimage\",\"url\":\"http:\/\/alemilawgrp.com\/wp-content\/uploads\/2025\/11\/Gemini_Generated_Image_tbd7botbd7botbd7_cleanup.jpg\",\"contentUrl\":\"http:\/\/alemilawgrp.com\/wp-content\/uploads\/2025\/11\/Gemini_Generated_Image_tbd7botbd7botbd7_cleanup.jpg\"},{\"@type\":\"BreadcrumbList\",\"@id\":\"https:\/\/alemilawgrp.com\/areas-served\/#breadcrumb\",\"itemListElement\":[{\"@type\":\"ListItem\",\"position\":1,\"name\":\"Home\",\"item\":\"https:\/\/alemilawgrp.com\/\"},{\"@type\":\"ListItem\",\"position\":2,\"name\":\"Areas Served\"}]},{\"@type\":\"WebSite\",\"@id\":\"https:\/\/alemilawgrp.com\/#website\",\"url\":\"https:\/\/alemilawgrp.com\/\",\"name\":\"Alemi Law Group\",\"description\":\"\",\"publisher\":{\"@id\":\"https:\/\/alemilawgrp.com\/#organization\"},\"potentialAction\":[{\"@type\":\"SearchAction\",\"target\":{\"@type\":\"EntryPoint\",\"urlTemplate\":\"https:\/\/alemilawgrp.com\/?s={search_term_string}\"},\"query-input\":{\"@type\":\"PropertyValueSpecification\",\"valueRequired\":true,\"valueName\":\"search_term_string\"}}],\"inLanguage\":\"es\"},{\"@type\":\"Organization\",\"@id\":\"https:\/\/alemilawgrp.com\/#organization\",\"name\":\"Alemi Law Group\",\"url\":\"https:\/\/alemilawgrp.com\/\",\"logo\":{\"@type\":\"ImageObject\",\"inLanguage\":\"es\",\"@id\":\"https:\/\/alemilawgrp.com\/#\/schema\/logo\/image\/\",\"url\":\"https:\/\/alemilawgrp.com\/wp-content\/uploads\/2025\/11\/Black-logo-no-background-1-scaled.png\",\"contentUrl\":\"https:\/\/alemilawgrp.com\/wp-content\/uploads\/2025\/11\/Black-logo-no-background-1-scaled.png\",\"width\":2560,\"height\":2560,\"caption\":\"Alemi Law Group\"},\"image\":{\"@id\":\"https:\/\/alemilawgrp.com\/#\/schema\/logo\/image\/\"},\"sameAs\":[\"https:\/\/www.facebook.com\/alemilawgrp?mibextid=wwXIfr\",\"https:\/\/www.instagram.com\/alemilemonlaw\/?hl=en\",\"https:\/\/www.tiktok.com\/@alemilemonlaw\"]}]}<\/script>\n<!-- \/ Yoast SEO plugin. -->","yoast_head_json":{"title":"\u00c1reas Servidas - Alemi Law","description":"Alemi Law Group se enorgullece de servir a clientes en todo California con la Ley del Lim\u00f3n y la representaci\u00f3n de Lesiones Personales. Ayuda en todo el estado, apoyo compasivo y consultas GRATUITAS.","robots":{"index":"index","follow":"follow","max-snippet":"max-snippet:-1","max-image-preview":"max-image-preview:large","max-video-preview":"max-video-preview:-1"},"canonical":"https:\/\/alemilawgrp.com\/es\/zonas-atendidas\/","og_locale":"es_ES","og_type":"article","og_title":"Areas Served - Alemi Law","og_description":"Alemi Law Group proudly serves clients across California with Lemon Law and Personal Injury representation. Statewide help, compassionate support, and FREE consultations.","og_url":"https:\/\/alemilawgrp.com\/es\/zonas-atendidas\/","og_site_name":"Alemi Law Group","article_publisher":"https:\/\/www.facebook.com\/alemilawgrp?mibextid=wwXIfr","article_modified_time":"2025-11-28T13:54:40+00:00","og_image":[{"url":"http:\/\/alemilawgrp.com\/wp-content\/uploads\/2025\/11\/Gemini_Generated_Image_tbd7botbd7botbd7_cleanup.jpg","type":"","width":"","height":""}],"twitter_card":"summary_large_image","twitter_misc":{"Tiempo de lectura":"1 minuto"},"schema":{"@context":"https:\/\/schema.org","@graph":[{"@type":"WebPage","@id":"https:\/\/alemilawgrp.com\/areas-served\/","url":"https:\/\/alemilawgrp.com\/areas-served\/","name":"\u00c1reas Servidas - Alemi Law","isPartOf":{"@id":"https:\/\/alemilawgrp.com\/#website"},"primaryImageOfPage":{"@id":"https:\/\/alemilawgrp.com\/areas-served\/#primaryimage"},"image":{"@id":"https:\/\/alemilawgrp.com\/areas-served\/#primaryimage"},"thumbnailUrl":"http:\/\/alemilawgrp.com\/wp-content\/uploads\/2025\/11\/Gemini_Generated_Image_tbd7botbd7botbd7_cleanup.jpg","datePublished":"2025-11-28T06:25:55+00:00","dateModified":"2025-11-28T13:54:40+00:00","description":"Alemi Law Group se enorgullece de servir a clientes en todo California con la Ley del Lim\u00f3n y la representaci\u00f3n de Lesiones Personales. Ayuda en todo el estado, apoyo compasivo y consultas GRATUITAS.","breadcrumb":{"@id":"https:\/\/alemilawgrp.com\/areas-served\/#breadcrumb"},"inLanguage":"es","potentialAction":[{"@type":"ReadAction","target":["https:\/\/alemilawgrp.com\/areas-served\/"]}]},{"@type":"ImageObject","inLanguage":"es","@id":"https:\/\/alemilawgrp.com\/areas-served\/#primaryimage","url":"http:\/\/alemilawgrp.com\/wp-content\/uploads\/2025\/11\/Gemini_Generated_Image_tbd7botbd7botbd7_cleanup.jpg","contentUrl":"http:\/\/alemilawgrp.com\/wp-content\/uploads\/2025\/11\/Gemini_Generated_Image_tbd7botbd7botbd7_cleanup.jpg"},{"@type":"BreadcrumbList","@id":"https:\/\/alemilawgrp.com\/areas-served\/#breadcrumb","itemListElement":[{"@type":"ListItem","position":1,"name":"Home","item":"https:\/\/alemilawgrp.com\/"},{"@type":"ListItem","position":2,"name":"Areas Served"}]},{"@type":"WebSite","@id":"https:\/\/alemilawgrp.com\/#website","url":"https:\/\/alemilawgrp.com\/","name":"Alemi Law Group","description":"","publisher":{"@id":"https:\/\/alemilawgrp.com\/#organization"},"potentialAction":[{"@type":"SearchAction","target":{"@type":"EntryPoint","urlTemplate":"https:\/\/alemilawgrp.com\/?s={search_term_string}"},"query-input":{"@type":"PropertyValueSpecification","valueRequired":true,"valueName":"search_term_string"}}],"inLanguage":"es"},{"@type":"Organization","@id":"https:\/\/alemilawgrp.com\/#organization","name":"Alemi Law Group","url":"https:\/\/alemilawgrp.com\/","logo":{"@type":"ImageObject","inLanguage":"es","@id":"https:\/\/alemilawgrp.com\/#\/schema\/logo\/image\/","url":"https:\/\/alemilawgrp.com\/wp-content\/uploads\/2025\/11\/Black-logo-no-background-1-scaled.png","contentUrl":"https:\/\/alemilawgrp.com\/wp-content\/uploads\/2025\/11\/Black-logo-no-background-1-scaled.png","width":2560,"height":2560,"caption":"Alemi Law Group"},"image":{"@id":"https:\/\/alemilawgrp.com\/#\/schema\/logo\/image\/"},"sameAs":["https:\/\/www.facebook.com\/alemilawgrp?mibextid=wwXIfr","https:\/\/www.instagram.com\/alemilemonlaw\/?hl=en","https:\/\/www.tiktok.com\/@alemilemonlaw"]}]}},"_links":{"self":[{"href":"https:\/\/alemilawgrp.com\/es\/wp-json\/wp\/v2\/pages\/1622","targetHints":{"allow":["GET"]}}],"collection":[{"href":"https:\/\/alemilawgrp.com\/es\/wp-json\/wp\/v2\/pages"}],"about":[{"href":"https:\/\/alemilawgrp.com\/es\/wp-json\/wp\/v2\/types\/page"}],"author":[{"embeddable":true,"href":"https:\/\/alemilawgrp.com\/es\/wp-json\/wp\/v2\/users\/1"}],"replies":[{"embeddable":true,"href":"https:\/\/alemilawgrp.com\/es\/wp-json\/wp\/v2\/comments?post=1622"}],"version-history":[{"count":13,"href":"https:\/\/alemilawgrp.com\/es\/wp-json\/wp\/v2\/pages\/1622\/revisions"}],"predecessor-version":[{"id":1771,"href":"https:\/\/alemilawgrp.com\/es\/wp-json\/wp\/v2\/pages\/1622\/revisions\/1771"}],"wp:attachment":[{"href":"https:\/\/alemilawgrp.com\/es\/wp-json\/wp\/v2\/media?parent=1622"}],"curies":[{"name":"wp","href":"https:\/\/api.w.org\/{rel}","templated":true}]}}