{"id":1026,"date":"2025-11-21T04:57:25","date_gmt":"2025-11-21T04:57:25","guid":{"rendered":"http:\/\/alemilawgrp.com\/?page_id=1026"},"modified":"2025-11-28T00:53:13","modified_gmt":"2025-11-28T00:53:13","slug":"bmw","status":"publish","type":"page","link":"https:\/\/alemilawgrp.com\/es\/fabricantes\/bmw\/","title":{"rendered":"BMW"},"content":{"rendered":"<div data-elementor-type=\"wp-page\" data-elementor-id=\"1026\" class=\"elementor elementor-1026\" data-elementor-post-type=\"page\">\n\t\t\t\t<div class=\"elementor-element elementor-element-6ac6365a e-con-full e-flex e-con e-parent\" data-id=\"6ac6365a\" data-element_type=\"container\">\n\t\t\t\t<div class=\"elementor-element elementor-element-496682b7 elementor-widget elementor-widget-template\" data-id=\"496682b7\" data-element_type=\"widget\" data-widget_type=\"template.default\">\n\t\t\t\t<div class=\"elementor-widget-container\">\n\t\t\t\t\t\t\t<div class=\"elementor-template\">\n\t\t\t\t\t<div data-elementor-type=\"section\" data-elementor-id=\"931\" class=\"elementor elementor-931\" data-elementor-post-type=\"elementor_library\">\n\t\t\t<div class=\"elementor-element elementor-element-a0f3392 e-flex e-con-boxed e-con e-parent\" data-id=\"a0f3392\" data-element_type=\"container\">\n\t\t\t\t\t<div class=\"e-con-inner\">\n\t\t<div class=\"elementor-element elementor-element-54a5d19 e-con-full e-flex e-con e-child\" data-id=\"54a5d19\" data-element_type=\"container\">\n\t\t\t\t<div class=\"elementor-element elementor-element-daeeaa5 elementor-invisible elementor-widget elementor-widget-heading\" data-id=\"daeeaa5\" data-element_type=\"widget\" data-settings=\"{&quot;_animation&quot;:&quot;fadeInUp&quot;,&quot;_animation_delay&quot;:200}\" data-widget_type=\"heading.default\">\n\t\t\t\t\t<h1 class=\"elementor-heading-title elementor-size-default\">BMW<\/h1>\t\t\t\t<\/div>\n\t\t\t\t<div class=\"elementor-element elementor-element-675e8bd elementor-icon-list--layout-inline elementor-align-center elementor-list-item-link-full_width elementor-invisible elementor-widget elementor-widget-icon-list\" data-id=\"675e8bd\" data-element_type=\"widget\" data-settings=\"{&quot;_animation&quot;:&quot;fadeInDown&quot;,&quot;_animation_delay&quot;:300}\" data-widget_type=\"icon-list.default\">\n\t\t\t\t\t\t\t<ul class=\"elementor-icon-list-items elementor-inline-items\">\n\t\t\t\t\t\t\t<li class=\"elementor-icon-list-item elementor-inline-item\">\n\t\t\t\t\t\t\t\t\t\t\t<a href=\"https:\/\/alemilawgrp.com\/es\">\n\n\t\t\t\t\t\t\t\t\t\t\t<span class=\"elementor-icon-list-text\">Inicio<\/span>\n\t\t\t\t\t\t\t\t\t\t\t<\/a>\n\t\t\t\t\t\t\t\t\t<\/li>\n\t\t\t\t\t\t\t\t<li class=\"elementor-icon-list-item elementor-inline-item\">\n\t\t\t\t\t\t\t\t\t\t<span class=\"elementor-icon-list-text\">BMW<\/span>\n\t\t\t\t\t\t\t\t\t<\/li>\n\t\t\t\t\t\t<\/ul>\n\t\t\t\t\t\t<\/div>\n\t\t\t\t<\/div>\n\t\t\t\t\t<\/div>\n\t\t\t\t<\/div>\n\t\t\t\t<\/div>\n\t\t\t\t<\/div>\n\t\t\t\t\t\t<\/div>\n\t\t\t\t<\/div>\n\t\t\t\t<\/div>\n\t\t<div class=\"elementor-element elementor-element-fe2926c e-flex e-con-boxed e-con e-parent\" data-id=\"fe2926c\" data-element_type=\"container\" data-settings=\"{&quot;background_background&quot;:&quot;classic&quot;}\">\n\t\t\t\t\t<div class=\"e-con-inner\">\n\t\t<div class=\"elementor-element elementor-element-7e1821f5 e-con-full e-flex elementor-invisible e-con e-child\" data-id=\"7e1821f5\" data-element_type=\"container\" data-settings=\"{&quot;animation&quot;:&quot;fadeInLeft&quot;,&quot;animation_delay&quot;:300}\">\n\t\t\t\t<div class=\"elementor-element elementor-element-14913ad3 elementor-widget elementor-widget-image\" data-id=\"14913ad3\" data-element_type=\"widget\" data-settings=\"{&quot;sticky&quot;:&quot;top&quot;,&quot;sticky_parent&quot;:&quot;yes&quot;,&quot;sticky_on&quot;:[&quot;desktop&quot;,&quot;tablet&quot;,&quot;mobile&quot;],&quot;sticky_offset&quot;:0,&quot;sticky_effects_offset&quot;:0,&quot;sticky_anchor_link_offset&quot;:0}\" data-widget_type=\"image.default\">\n\t\t\t\t\t\t\t\t\t\t\t\t\t\t\t<img fetchpriority=\"high\" decoding=\"async\" width=\"1024\" height=\"1024\" src=\"https:\/\/alemilawgrp.com\/wp-content\/uploads\/2025\/11\/Gemini_Generated_Image_7rttkc7rttkc7rtt_cleanup.jpg\" class=\"attachment-full size-full wp-image-1177\" alt=\"\" srcset=\"https:\/\/alemilawgrp.com\/wp-content\/uploads\/2025\/11\/Gemini_Generated_Image_7rttkc7rttkc7rtt_cleanup.jpg 1024w, https:\/\/alemilawgrp.com\/wp-content\/uploads\/2025\/11\/Gemini_Generated_Image_7rttkc7rttkc7rtt_cleanup-300x300.jpg 300w, https:\/\/alemilawgrp.com\/wp-content\/uploads\/2025\/11\/Gemini_Generated_Image_7rttkc7rttkc7rtt_cleanup-150x150.jpg 150w, https:\/\/alemilawgrp.com\/wp-content\/uploads\/2025\/11\/Gemini_Generated_Image_7rttkc7rttkc7rtt_cleanup-768x768.jpg 768w, https:\/\/alemilawgrp.com\/wp-content\/uploads\/2025\/11\/Gemini_Generated_Image_7rttkc7rttkc7rtt_cleanup-12x12.jpg 12w\" sizes=\"(max-width: 1024px) 100vw, 1024px\" \/>\t\t\t\t\t\t\t\t\t\t\t\t\t\t\t<\/div>\n\t\t\t\t<\/div>\n\t\t<div class=\"elementor-element elementor-element-124bcef1 e-con-full e-flex elementor-invisible e-con e-child\" data-id=\"124bcef1\" data-element_type=\"container\" data-settings=\"{&quot;animation&quot;:&quot;fadeInRight&quot;,&quot;animation_delay&quot;:350}\">\n\t\t\t\t<div class=\"elementor-element elementor-element-2894901e elementor-widget elementor-widget-heading\" data-id=\"2894901e\" data-element_type=\"widget\" data-widget_type=\"heading.default\">\n\t\t\t\t\t<div class=\"elementor-heading-title elementor-size-default\"><b><span style=\"font-size: 28px;font-weight: 700\">BMW Lemon Law - Abogado de Recompra de California<\/span><\/b><br><br>\n\n<b>Ley del Lim\u00f3n Derechos de los propietarios de BMW en California<\/b><br><br>\n\nSi es propietario o arrendatario de un <b>BMW<\/b> y tiene problemas repetidos que el concesionario no puede solucionar, puede optar a una <b>Reembolso o sustituci\u00f3n seg\u00fan la Ley del Lim\u00f3n de California<\/b>. Muchos veh\u00edculos BMW experimentan defectos recurrentes que afectan a su <b>uso, valor o seguridad<\/b>, incluso despu\u00e9s de m\u00faltiples intentos de reparaci\u00f3n en garant\u00eda.<br><br>\n\nEn virtud de la <b>Ley del Lim\u00f3n de California (Ley Song-Beverly)<\/b>, el fabricante debe <b>readquirir o sustituir su veh\u00edculo<\/b> si califica como un lim\u00f3n. Y <b>usted no paga nada<\/b> para los honorarios de los abogados: el fabricante paga esos costes, no usted.<\/div>\t\t\t\t<\/div>\n\t\t\t\t<div class=\"elementor-element elementor-element-651da765 elementor-widget elementor-widget-heading\" data-id=\"651da765\" data-element_type=\"widget\" data-widget_type=\"heading.default\">\n\t\t\t\t\t<div class=\"elementor-heading-title elementor-size-default\"><b>Defectos comunes de BMW denunciados en California<br><\/b><br>\n- Aver\u00edas el\u00e9ctricas<br>\n- Problemas con el sistema de refrigeraci\u00f3n del motor\n<br>- Fallo de la bomba de combustible\n<br>- Sacudidas de la transmisi\u00f3n\n<br>- Mal funcionamiento del iDrive\n<br>- Retiradas del mercado sin soluci\u00f3n (riesgo de incendio, problemas de bater\u00eda)\n<\/div>\t\t\t\t<\/div>\n\t\t\t\t<div class=\"elementor-element elementor-element-4379cbe3 elementor-widget elementor-widget-heading\" data-id=\"4379cbe3\" data-element_type=\"widget\" data-widget_type=\"heading.default\">\n\t\t\t\t\t<div class=\"elementor-heading-title elementor-size-default\"><b>\u00bfCu\u00e1ndo se considera que un BMW es un veh\u00edculo defectuoso?<\/b><br><br>\n\n\nSu BMW puede acogerse a la protecci\u00f3n de la Ley del Lim\u00f3n si:<br>\n\n<br>\n- el defecto comenz\u00f3 <b>durante el periodo de garant\u00eda<\/b><br><br>- el concesionario hizo <b>m\u00faltiples intentos de reparaci\u00f3n<\/b> por el mismo problema O su veh\u00edculo pas\u00f3 <b>M\u00e1s de 30 d\u00edas en la tienda<\/b><br><br>- el defecto afecta al <b>seguridad, valor o fiabilidad<\/b> del veh\u00edculo\n<br><br>\n\nIncluso <b>problemas intermitentes<\/b> calificar si el concesionario no ha podido repararlos o duplicarlos.\n<\/div>\t\t\t\t<\/div>\n\t\t\t\t<\/div>\n\t\t\t\t\t<\/div>\n\t\t\t\t<\/div>\n\t\t<div class=\"elementor-element elementor-element-631fda09 e-flex e-con-boxed e-con e-parent\" data-id=\"631fda09\" data-element_type=\"container\" data-settings=\"{&quot;background_background&quot;:&quot;classic&quot;}\">\n\t\t\t\t\t<div class=\"e-con-inner\">\n\t\t<div class=\"elementor-element elementor-element-48d1ba6a e-con-full e-flex elementor-invisible e-con e-child\" data-id=\"48d1ba6a\" data-element_type=\"container\" data-settings=\"{&quot;animation&quot;:&quot;fadeInLeft&quot;,&quot;animation_delay&quot;:300}\">\n\t\t\t\t<div class=\"elementor-element elementor-element-3e0de99b elementor-widget elementor-widget-image\" data-id=\"3e0de99b\" data-element_type=\"widget\" data-settings=\"{&quot;sticky&quot;:&quot;top&quot;,&quot;sticky_parent&quot;:&quot;yes&quot;,&quot;sticky_on&quot;:[&quot;desktop&quot;,&quot;tablet&quot;,&quot;mobile&quot;],&quot;sticky_offset&quot;:0,&quot;sticky_effects_offset&quot;:0,&quot;sticky_anchor_link_offset&quot;:0}\" data-widget_type=\"image.default\">\n\t\t\t\t\t\t\t\t\t\t\t\t\t\t\t<img decoding=\"async\" width=\"1024\" height=\"1024\" src=\"https:\/\/alemilawgrp.com\/wp-content\/uploads\/2025\/11\/Gemini_Generated_Image_qpdk9zqpdk9zqpdk_cleanup.jpg\" class=\"attachment-full size-full wp-image-1178\" alt=\"\" srcset=\"https:\/\/alemilawgrp.com\/wp-content\/uploads\/2025\/11\/Gemini_Generated_Image_qpdk9zqpdk9zqpdk_cleanup.jpg 1024w, https:\/\/alemilawgrp.com\/wp-content\/uploads\/2025\/11\/Gemini_Generated_Image_qpdk9zqpdk9zqpdk_cleanup-300x300.jpg 300w, https:\/\/alemilawgrp.com\/wp-content\/uploads\/2025\/11\/Gemini_Generated_Image_qpdk9zqpdk9zqpdk_cleanup-150x150.jpg 150w, https:\/\/alemilawgrp.com\/wp-content\/uploads\/2025\/11\/Gemini_Generated_Image_qpdk9zqpdk9zqpdk_cleanup-768x768.jpg 768w, https:\/\/alemilawgrp.com\/wp-content\/uploads\/2025\/11\/Gemini_Generated_Image_qpdk9zqpdk9zqpdk_cleanup-12x12.jpg 12w\" sizes=\"(max-width: 1024px) 100vw, 1024px\" \/>\t\t\t\t\t\t\t\t\t\t\t\t\t\t\t<\/div>\n\t\t\t\t<\/div>\n\t\t<div class=\"elementor-element elementor-element-26100e9c e-con-full e-flex elementor-invisible e-con e-child\" data-id=\"26100e9c\" data-element_type=\"container\" data-settings=\"{&quot;animation&quot;:&quot;fadeInRight&quot;,&quot;animation_delay&quot;:350}\">\n\t\t\t\t<div class=\"elementor-element elementor-element-2f1a6a2f elementor-widget elementor-widget-heading\" data-id=\"2f1a6a2f\" data-element_type=\"widget\" data-widget_type=\"heading.default\">\n\t\t\t\t\t<h3 class=\"elementor-heading-title elementor-size-default\">A qu\u00e9 puede tener derecho\n<\/h3>\t\t\t\t<\/div>\n\t\t\t\t<div class=\"elementor-element elementor-element-8f6a371 elementor-widget elementor-widget-heading\" data-id=\"8f6a371\" data-element_type=\"widget\" data-widget_type=\"heading.default\">\n\t\t\t\t\t<div class=\"elementor-heading-title elementor-size-default\">Si su BMW es un lim\u00f3n, usted puede recibir:<\/div>\t\t\t\t<\/div>\n\t\t\t\t<div class=\"elementor-element elementor-element-4d8bdd31 elementor-icon-list--layout-traditional elementor-list-item-link-full_width elementor-widget elementor-widget-icon-list\" data-id=\"4d8bdd31\" data-element_type=\"widget\" data-widget_type=\"icon-list.default\">\n\t\t\t\t\t\t\t<ul class=\"elementor-icon-list-items\">\n\t\t\t\t\t\t\t<li class=\"elementor-icon-list-item\">\n\t\t\t\t\t\t\t\t\t\t\t<span class=\"elementor-icon-list-icon\">\n\t\t\t\t\t\t\t<svg aria-hidden=\"true\" class=\"e-font-icon-svg e-fas-check\" viewbox=\"0 0 512 512\" xmlns=\"http:\/\/www.w3.org\/2000\/svg\"><path d=\"M173.898 439.404l-166.4-166.4c-9.997-9.997-9.997-26.206 0-36.204l36.203-36.204c9.997-9.998 26.207-9.998 36.204 0L192 312.69 432.095 72.596c9.997-9.997 26.207-9.997 36.204 0l36.203 36.204c9.997 9.997 9.997 26.206 0 36.204l-294.4 294.401c-9.998 9.997-26.207 9.997-36.204-.001z\"><\/path><\/svg>\t\t\t\t\t\t<\/span>\n\t\t\t\t\t\t\t\t\t\t<span class=\"elementor-icon-list-text\">Reembolso \u00edntegro (recompra)<\/span>\n\t\t\t\t\t\t\t\t\t<\/li>\n\t\t\t\t\t\t\t\t<li class=\"elementor-icon-list-item\">\n\t\t\t\t\t\t\t\t\t\t\t<span class=\"elementor-icon-list-icon\">\n\t\t\t\t\t\t\t<svg aria-hidden=\"true\" class=\"e-font-icon-svg e-fas-check\" viewbox=\"0 0 512 512\" xmlns=\"http:\/\/www.w3.org\/2000\/svg\"><path d=\"M173.898 439.404l-166.4-166.4c-9.997-9.997-9.997-26.206 0-36.204l36.203-36.204c9.997-9.998 26.207-9.998 36.204 0L192 312.69 432.095 72.596c9.997-9.997 26.207-9.997 36.204 0l36.203 36.204c9.997 9.997 9.997 26.206 0 36.204l-294.4 294.401c-9.998 9.997-26.207 9.997-36.204-.001z\"><\/path><\/svg>\t\t\t\t\t\t<\/span>\n\t\t\t\t\t\t\t\t\t\t<span class=\"elementor-icon-list-text\">Un veh\u00edculo de sustituci\u00f3n<\/span>\n\t\t\t\t\t\t\t\t\t<\/li>\n\t\t\t\t\t\t\t\t<li class=\"elementor-icon-list-item\">\n\t\t\t\t\t\t\t\t\t\t\t<span class=\"elementor-icon-list-icon\">\n\t\t\t\t\t\t\t<svg aria-hidden=\"true\" class=\"e-font-icon-svg e-fas-check\" viewbox=\"0 0 512 512\" xmlns=\"http:\/\/www.w3.org\/2000\/svg\"><path d=\"M173.898 439.404l-166.4-166.4c-9.997-9.997-9.997-26.206 0-36.204l36.203-36.204c9.997-9.998 26.207-9.998 36.204 0L192 312.69 432.095 72.596c9.997-9.997 26.207-9.997 36.204 0l36.203 36.204c9.997 9.997 9.997 26.206 0 36.204l-294.4 294.401c-9.998 9.997-26.207 9.997-36.204-.001z\"><\/path><\/svg>\t\t\t\t\t\t<\/span>\n\t\t\t\t\t\t\t\t\t\t<span class=\"elementor-icon-list-text\">Indemnizaci\u00f3n en met\u00e1lico (si te quedas con el coche)<\/span>\n\t\t\t\t\t\t\t\t\t<\/li>\n\t\t\t\t\t\t\t\t<li class=\"elementor-icon-list-item\">\n\t\t\t\t\t\t\t\t\t\t\t<span class=\"elementor-icon-list-icon\">\n\t\t\t\t\t\t\t<svg aria-hidden=\"true\" class=\"e-font-icon-svg e-fas-check\" viewbox=\"0 0 512 512\" xmlns=\"http:\/\/www.w3.org\/2000\/svg\"><path d=\"M173.898 439.404l-166.4-166.4c-9.997-9.997-9.997-26.206 0-36.204l36.203-36.204c9.997-9.998 26.207-9.998 36.204 0L192 312.69 432.095 72.596c9.997-9.997 26.207-9.997 36.204 0l36.203 36.204c9.997 9.997 9.997 26.206 0 36.204l-294.4 294.401c-9.998 9.997-26.207 9.997-36.204-.001z\"><\/path><\/svg>\t\t\t\t\t\t<\/span>\n\t\t\t\t\t\t\t\t\t\t<span class=\"elementor-icon-list-text\">Sanciones civiles si el fabricante ha infringido deliberadamente la ley<\/span>\n\t\t\t\t\t\t\t\t\t<\/li>\n\t\t\t\t\t\t\t\t<li class=\"elementor-icon-list-item\">\n\t\t\t\t\t\t\t\t\t\t\t<span class=\"elementor-icon-list-icon\">\n\t\t\t\t\t\t\t<svg aria-hidden=\"true\" class=\"e-font-icon-svg e-fas-check\" viewbox=\"0 0 512 512\" xmlns=\"http:\/\/www.w3.org\/2000\/svg\"><path d=\"M173.898 439.404l-166.4-166.4c-9.997-9.997-9.997-26.206 0-36.204l36.203-36.204c9.997-9.998 26.207-9.998 36.204 0L192 312.69 432.095 72.596c9.997-9.997 26.207-9.997 36.204 0l36.203 36.204c9.997 9.997 9.997 26.206 0 36.204l-294.4 294.401c-9.998 9.997-26.207 9.997-36.204-.001z\"><\/path><\/svg>\t\t\t\t\t\t<\/span>\n\t\t\t\t\t\t\t\t\t\t<span class=\"elementor-icon-list-text\">Honorarios del abogado pagados por el fabricante<\/span>\n\t\t\t\t\t\t\t\t\t<\/li>\n\t\t\t\t\t\t<\/ul>\n\t\t\t\t\t\t<\/div>\n\t\t\t\t<div class=\"elementor-element elementor-element-4296705d elementor-widget elementor-widget-heading\" data-id=\"4296705d\" data-element_type=\"widget\" data-widget_type=\"heading.default\">\n\t\t\t\t\t<div class=\"elementor-heading-title elementor-size-default\">Los consumidores de todo California pueden acogerse a la garant\u00eda aunque el defecto aparezca despu\u00e9s de que expire la garant\u00eda, siempre que la <b>primera aparici\u00f3n<\/b> fue <b>durante<\/b> la garant\u00eda.<br><br>\n\n\n<b>Revisi\u00f3n gratuita del caso BMW Lemon Law<\/b>\n\n\n<br><br>Si su BMW sigue teniendo problemas, Alemi Law Group puede ayudarle a determinar si califica bajo la Ley del Lim\u00f3n de California.\n<br><br>\n\n<img decoding=\"async\" role=\"img\" class=\"emoji\" alt=\"\ud83d\udcde\" src=\"https:\/\/s.w.org\/images\/core\/emoji\/16.0.1\/svg\/1f4de.svg\"> Llame al (818) 946-9911\n<br><img decoding=\"async\" role=\"img\" class=\"emoji\" alt=\"\ud83d\udce9\" src=\"https:\/\/s.w.org\/images\/core\/emoji\/16.0.1\/svg\/1f4e9.svg\"> Correo electr\u00f3nico: info@alemilawgrp.com\n<br><br>\n\nRepresentamos con orgullo a los consumidores <b>en toda California<\/b>.<\/div>\t\t\t\t<\/div>\n\t\t\t\t<\/div>\n\t\t\t\t\t<\/div>\n\t\t\t\t<\/div>\n\t\t\t\t<\/div>\n\t\t\n    <div class=\"xs_social_share_widget xs_share_url after_content \t\tmain_content  wslu-style-1 wslu-share-box-shaped wslu-fill-colored wslu-none wslu-share-horizontal wslu-theme-font-no wslu-main_content\">\n\n\t\t\n        <ul>\n\t\t\t        <\/ul>\n    <\/div>","protected":false},"excerpt":{"rendered":"<p>BMW Lemon Law \u2013 California Buyback Attorney Lemon Law Rights for BMW Owners in California If you own or lease an BMW and it has repeated problems the dealership cannot fix, you may qualify for a California Lemon Law refund or replacement. Many BMW vehicles experience recurring defects that affect their use, value, or safety, [&hellip;]<\/p>","protected":false},"author":1,"featured_media":0,"parent":899,"menu_order":0,"comment_status":"closed","ping_status":"closed","template":"","meta":{"postBodyCss":"","postBodyMargin":[],"postBodyPadding":[],"postBodyBackground":{"backgroundType":"classic","gradient":""},"footnotes":""},"class_list":["post-1026","page","type-page","status-publish","hentry"],"yoast_head":"<!-- This site is optimized with the Yoast SEO plugin v26.6 - https:\/\/yoast.com\/wordpress\/plugins\/seo\/ -->\n<title>BMW - Alemi Law<\/title>\n<meta name=\"description\" content=\"Having problems with your BMW? Our California Lemon Law lawyer helps drivers statewide get refunds, replacements or compensation. Compassionate support + free consultation.\" \/>\n<meta name=\"robots\" content=\"index, follow, max-snippet:-1, max-image-preview:large, max-video-preview:-1\" \/>\n<link rel=\"canonical\" href=\"https:\/\/alemilawgrp.com\/es\/fabricantes\/bmw\/\" \/>\n<meta property=\"og:locale\" content=\"es_ES\" \/>\n<meta property=\"og:type\" content=\"article\" \/>\n<meta property=\"og:title\" content=\"BMW - Alemi Law\" \/>\n<meta property=\"og:description\" content=\"Having problems with your BMW? Our California Lemon Law lawyer helps drivers statewide get refunds, replacements or compensation. Compassionate support + free consultation.\" \/>\n<meta property=\"og:url\" content=\"https:\/\/alemilawgrp.com\/es\/fabricantes\/bmw\/\" \/>\n<meta property=\"og:site_name\" content=\"Alemi Law Group\" \/>\n<meta property=\"article:publisher\" content=\"https:\/\/www.facebook.com\/alemilawgrp?mibextid=wwXIfr\" \/>\n<meta property=\"article:modified_time\" content=\"2025-11-28T00:53:13+00:00\" \/>\n<meta property=\"og:image\" content=\"http:\/\/alemilawgrp.com\/wp-content\/uploads\/2025\/11\/Gemini_Generated_Image_7rttkc7rttkc7rtt_cleanup.jpg\" \/>\n<meta name=\"twitter:card\" content=\"summary_large_image\" \/>\n<meta name=\"twitter:label1\" content=\"Tiempo de lectura\" \/>\n\t<meta name=\"twitter:data1\" content=\"3 minutos\" \/>\n<script type=\"application\/ld+json\" class=\"yoast-schema-graph\">{\"@context\":\"https:\/\/schema.org\",\"@graph\":[{\"@type\":\"WebPage\",\"@id\":\"https:\/\/alemilawgrp.com\/manufacturers\/bmw\/\",\"url\":\"https:\/\/alemilawgrp.com\/manufacturers\/bmw\/\",\"name\":\"BMW - Alemi Law\",\"isPartOf\":{\"@id\":\"https:\/\/alemilawgrp.com\/#website\"},\"primaryImageOfPage\":{\"@id\":\"https:\/\/alemilawgrp.com\/manufacturers\/bmw\/#primaryimage\"},\"image\":{\"@id\":\"https:\/\/alemilawgrp.com\/manufacturers\/bmw\/#primaryimage\"},\"thumbnailUrl\":\"http:\/\/alemilawgrp.com\/wp-content\/uploads\/2025\/11\/Gemini_Generated_Image_7rttkc7rttkc7rtt_cleanup.jpg\",\"datePublished\":\"2025-11-21T04:57:25+00:00\",\"dateModified\":\"2025-11-28T00:53:13+00:00\",\"description\":\"Having problems with your BMW? Our California Lemon Law lawyer helps drivers statewide get refunds, replacements or compensation. Compassionate support + free consultation.\",\"breadcrumb\":{\"@id\":\"https:\/\/alemilawgrp.com\/manufacturers\/bmw\/#breadcrumb\"},\"inLanguage\":\"es\",\"potentialAction\":[{\"@type\":\"ReadAction\",\"target\":[\"https:\/\/alemilawgrp.com\/manufacturers\/bmw\/\"]}]},{\"@type\":\"ImageObject\",\"inLanguage\":\"es\",\"@id\":\"https:\/\/alemilawgrp.com\/manufacturers\/bmw\/#primaryimage\",\"url\":\"http:\/\/alemilawgrp.com\/wp-content\/uploads\/2025\/11\/Gemini_Generated_Image_7rttkc7rttkc7rtt_cleanup.jpg\",\"contentUrl\":\"http:\/\/alemilawgrp.com\/wp-content\/uploads\/2025\/11\/Gemini_Generated_Image_7rttkc7rttkc7rtt_cleanup.jpg\"},{\"@type\":\"BreadcrumbList\",\"@id\":\"https:\/\/alemilawgrp.com\/manufacturers\/bmw\/#breadcrumb\",\"itemListElement\":[{\"@type\":\"ListItem\",\"position\":1,\"name\":\"Home\",\"item\":\"https:\/\/alemilawgrp.com\/\"},{\"@type\":\"ListItem\",\"position\":2,\"name\":\"Manufacturers\",\"item\":\"https:\/\/alemilawgrp.com\/manufacturers\/\"},{\"@type\":\"ListItem\",\"position\":3,\"name\":\"BMW\"}]},{\"@type\":\"WebSite\",\"@id\":\"https:\/\/alemilawgrp.com\/#website\",\"url\":\"https:\/\/alemilawgrp.com\/\",\"name\":\"Alemi Law Group\",\"description\":\"\",\"publisher\":{\"@id\":\"https:\/\/alemilawgrp.com\/#organization\"},\"potentialAction\":[{\"@type\":\"SearchAction\",\"target\":{\"@type\":\"EntryPoint\",\"urlTemplate\":\"https:\/\/alemilawgrp.com\/?s={search_term_string}\"},\"query-input\":{\"@type\":\"PropertyValueSpecification\",\"valueRequired\":true,\"valueName\":\"search_term_string\"}}],\"inLanguage\":\"es\"},{\"@type\":\"Organization\",\"@id\":\"https:\/\/alemilawgrp.com\/#organization\",\"name\":\"Alemi Law Group\",\"url\":\"https:\/\/alemilawgrp.com\/\",\"logo\":{\"@type\":\"ImageObject\",\"inLanguage\":\"es\",\"@id\":\"https:\/\/alemilawgrp.com\/#\/schema\/logo\/image\/\",\"url\":\"https:\/\/alemilawgrp.com\/wp-content\/uploads\/2025\/11\/Black-logo-no-background-1-scaled.png\",\"contentUrl\":\"https:\/\/alemilawgrp.com\/wp-content\/uploads\/2025\/11\/Black-logo-no-background-1-scaled.png\",\"width\":2560,\"height\":2560,\"caption\":\"Alemi Law Group\"},\"image\":{\"@id\":\"https:\/\/alemilawgrp.com\/#\/schema\/logo\/image\/\"},\"sameAs\":[\"https:\/\/www.facebook.com\/alemilawgrp?mibextid=wwXIfr\",\"https:\/\/www.instagram.com\/alemilemonlaw\/?hl=en\",\"https:\/\/www.tiktok.com\/@alemilemonlaw\"]}]}<\/script>\n<!-- \/ Yoast SEO plugin. -->","yoast_head_json":{"title":"BMW - Ley Alemi","description":"\u00bfTiene problemas con su BMW? Nuestro abogado de la Ley del Lim\u00f3n de California ayuda a los conductores de todo el estado a obtener reembolsos, reemplazos o compensaci\u00f3n. Apoyo compasivo + consulta gratuita.","robots":{"index":"index","follow":"follow","max-snippet":"max-snippet:-1","max-image-preview":"max-image-preview:large","max-video-preview":"max-video-preview:-1"},"canonical":"https:\/\/alemilawgrp.com\/es\/fabricantes\/bmw\/","og_locale":"es_ES","og_type":"article","og_title":"BMW - Alemi Law","og_description":"Having problems with your BMW? Our California Lemon Law lawyer helps drivers statewide get refunds, replacements or compensation. Compassionate support + free consultation.","og_url":"https:\/\/alemilawgrp.com\/es\/fabricantes\/bmw\/","og_site_name":"Alemi Law Group","article_publisher":"https:\/\/www.facebook.com\/alemilawgrp?mibextid=wwXIfr","article_modified_time":"2025-11-28T00:53:13+00:00","og_image":[{"url":"http:\/\/alemilawgrp.com\/wp-content\/uploads\/2025\/11\/Gemini_Generated_Image_7rttkc7rttkc7rtt_cleanup.jpg","type":"","width":"","height":""}],"twitter_card":"summary_large_image","twitter_misc":{"Tiempo de lectura":"3 minutos"},"schema":{"@context":"https:\/\/schema.org","@graph":[{"@type":"WebPage","@id":"https:\/\/alemilawgrp.com\/manufacturers\/bmw\/","url":"https:\/\/alemilawgrp.com\/manufacturers\/bmw\/","name":"BMW - Ley Alemi","isPartOf":{"@id":"https:\/\/alemilawgrp.com\/#website"},"primaryImageOfPage":{"@id":"https:\/\/alemilawgrp.com\/manufacturers\/bmw\/#primaryimage"},"image":{"@id":"https:\/\/alemilawgrp.com\/manufacturers\/bmw\/#primaryimage"},"thumbnailUrl":"http:\/\/alemilawgrp.com\/wp-content\/uploads\/2025\/11\/Gemini_Generated_Image_7rttkc7rttkc7rtt_cleanup.jpg","datePublished":"2025-11-21T04:57:25+00:00","dateModified":"2025-11-28T00:53:13+00:00","description":"\u00bfTiene problemas con su BMW? Nuestro abogado de la Ley del Lim\u00f3n de California ayuda a los conductores de todo el estado a obtener reembolsos, reemplazos o compensaci\u00f3n. Apoyo compasivo + consulta gratuita.","breadcrumb":{"@id":"https:\/\/alemilawgrp.com\/manufacturers\/bmw\/#breadcrumb"},"inLanguage":"es","potentialAction":[{"@type":"ReadAction","target":["https:\/\/alemilawgrp.com\/manufacturers\/bmw\/"]}]},{"@type":"ImageObject","inLanguage":"es","@id":"https:\/\/alemilawgrp.com\/manufacturers\/bmw\/#primaryimage","url":"http:\/\/alemilawgrp.com\/wp-content\/uploads\/2025\/11\/Gemini_Generated_Image_7rttkc7rttkc7rtt_cleanup.jpg","contentUrl":"http:\/\/alemilawgrp.com\/wp-content\/uploads\/2025\/11\/Gemini_Generated_Image_7rttkc7rttkc7rtt_cleanup.jpg"},{"@type":"BreadcrumbList","@id":"https:\/\/alemilawgrp.com\/manufacturers\/bmw\/#breadcrumb","itemListElement":[{"@type":"ListItem","position":1,"name":"Home","item":"https:\/\/alemilawgrp.com\/"},{"@type":"ListItem","position":2,"name":"Manufacturers","item":"https:\/\/alemilawgrp.com\/manufacturers\/"},{"@type":"ListItem","position":3,"name":"BMW"}]},{"@type":"WebSite","@id":"https:\/\/alemilawgrp.com\/#website","url":"https:\/\/alemilawgrp.com\/","name":"Alemi Law Group","description":"","publisher":{"@id":"https:\/\/alemilawgrp.com\/#organization"},"potentialAction":[{"@type":"SearchAction","target":{"@type":"EntryPoint","urlTemplate":"https:\/\/alemilawgrp.com\/?s={search_term_string}"},"query-input":{"@type":"PropertyValueSpecification","valueRequired":true,"valueName":"search_term_string"}}],"inLanguage":"es"},{"@type":"Organization","@id":"https:\/\/alemilawgrp.com\/#organization","name":"Alemi Law Group","url":"https:\/\/alemilawgrp.com\/","logo":{"@type":"ImageObject","inLanguage":"es","@id":"https:\/\/alemilawgrp.com\/#\/schema\/logo\/image\/","url":"https:\/\/alemilawgrp.com\/wp-content\/uploads\/2025\/11\/Black-logo-no-background-1-scaled.png","contentUrl":"https:\/\/alemilawgrp.com\/wp-content\/uploads\/2025\/11\/Black-logo-no-background-1-scaled.png","width":2560,"height":2560,"caption":"Alemi Law Group"},"image":{"@id":"https:\/\/alemilawgrp.com\/#\/schema\/logo\/image\/"},"sameAs":["https:\/\/www.facebook.com\/alemilawgrp?mibextid=wwXIfr","https:\/\/www.instagram.com\/alemilemonlaw\/?hl=en","https:\/\/www.tiktok.com\/@alemilemonlaw"]}]}},"_links":{"self":[{"href":"https:\/\/alemilawgrp.com\/es\/wp-json\/wp\/v2\/pages\/1026","targetHints":{"allow":["GET"]}}],"collection":[{"href":"https:\/\/alemilawgrp.com\/es\/wp-json\/wp\/v2\/pages"}],"about":[{"href":"https:\/\/alemilawgrp.com\/es\/wp-json\/wp\/v2\/types\/page"}],"author":[{"embeddable":true,"href":"https:\/\/alemilawgrp.com\/es\/wp-json\/wp\/v2\/users\/1"}],"replies":[{"embeddable":true,"href":"https:\/\/alemilawgrp.com\/es\/wp-json\/wp\/v2\/comments?post=1026"}],"version-history":[{"count":13,"href":"https:\/\/alemilawgrp.com\/es\/wp-json\/wp\/v2\/pages\/1026\/revisions"}],"predecessor-version":[{"id":1181,"href":"https:\/\/alemilawgrp.com\/es\/wp-json\/wp\/v2\/pages\/1026\/revisions\/1181"}],"up":[{"embeddable":true,"href":"https:\/\/alemilawgrp.com\/es\/wp-json\/wp\/v2\/pages\/899"}],"wp:attachment":[{"href":"https:\/\/alemilawgrp.com\/es\/wp-json\/wp\/v2\/media?parent=1026"}],"curies":[{"name":"wp","href":"https:\/\/api.w.org\/{rel}","templated":true}]}}