{"id":1014,"date":"2025-11-21T04:35:06","date_gmt":"2025-11-21T04:35:06","guid":{"rendered":"http:\/\/alemilawgrp.com\/?page_id=1014"},"modified":"2025-11-28T00:52:29","modified_gmt":"2025-11-28T00:52:29","slug":"audi","status":"publish","type":"page","link":"https:\/\/alemilawgrp.com\/es\/fabricantes\/audi\/","title":{"rendered":"Audi"},"content":{"rendered":"<div data-elementor-type=\"wp-page\" data-elementor-id=\"1014\" class=\"elementor elementor-1014\" data-elementor-post-type=\"page\">\n\t\t\t\t<div class=\"elementor-element elementor-element-76f3ba4e e-con-full e-flex e-con e-parent\" data-id=\"76f3ba4e\" data-element_type=\"container\">\n\t\t\t\t<div class=\"elementor-element elementor-element-1cedd3ea elementor-widget elementor-widget-template\" data-id=\"1cedd3ea\" data-element_type=\"widget\" data-widget_type=\"template.default\">\n\t\t\t\t<div class=\"elementor-widget-container\">\n\t\t\t\t\t\t\t<div class=\"elementor-template\">\n\t\t\t\t\t<div data-elementor-type=\"section\" data-elementor-id=\"931\" class=\"elementor elementor-931\" data-elementor-post-type=\"elementor_library\">\n\t\t\t<div class=\"elementor-element elementor-element-a0f3392 e-flex e-con-boxed e-con e-parent\" data-id=\"a0f3392\" data-element_type=\"container\">\n\t\t\t\t\t<div class=\"e-con-inner\">\n\t\t<div class=\"elementor-element elementor-element-54a5d19 e-con-full e-flex e-con e-child\" data-id=\"54a5d19\" data-element_type=\"container\">\n\t\t\t\t<div class=\"elementor-element elementor-element-daeeaa5 elementor-invisible elementor-widget elementor-widget-heading\" data-id=\"daeeaa5\" data-element_type=\"widget\" data-settings=\"{&quot;_animation&quot;:&quot;fadeInUp&quot;,&quot;_animation_delay&quot;:200}\" data-widget_type=\"heading.default\">\n\t\t\t\t\t<h1 class=\"elementor-heading-title elementor-size-default\">Audi<\/h1>\t\t\t\t<\/div>\n\t\t\t\t<div class=\"elementor-element elementor-element-675e8bd elementor-icon-list--layout-inline elementor-align-center elementor-list-item-link-full_width elementor-invisible elementor-widget elementor-widget-icon-list\" data-id=\"675e8bd\" data-element_type=\"widget\" data-settings=\"{&quot;_animation&quot;:&quot;fadeInDown&quot;,&quot;_animation_delay&quot;:300}\" data-widget_type=\"icon-list.default\">\n\t\t\t\t\t\t\t<ul class=\"elementor-icon-list-items elementor-inline-items\">\n\t\t\t\t\t\t\t<li class=\"elementor-icon-list-item elementor-inline-item\">\n\t\t\t\t\t\t\t\t\t\t\t<a href=\"https:\/\/alemilawgrp.com\/es\">\n\n\t\t\t\t\t\t\t\t\t\t\t<span class=\"elementor-icon-list-text\">Inicio<\/span>\n\t\t\t\t\t\t\t\t\t\t\t<\/a>\n\t\t\t\t\t\t\t\t\t<\/li>\n\t\t\t\t\t\t\t\t<li class=\"elementor-icon-list-item elementor-inline-item\">\n\t\t\t\t\t\t\t\t\t\t<span class=\"elementor-icon-list-text\">Audi<\/span>\n\t\t\t\t\t\t\t\t\t<\/li>\n\t\t\t\t\t\t<\/ul>\n\t\t\t\t\t\t<\/div>\n\t\t\t\t<\/div>\n\t\t\t\t\t<\/div>\n\t\t\t\t<\/div>\n\t\t\t\t<\/div>\n\t\t\t\t<\/div>\n\t\t\t\t\t\t<\/div>\n\t\t\t\t<\/div>\n\t\t\t\t<\/div>\n\t\t<div class=\"elementor-element elementor-element-211d729f e-flex e-con-boxed e-con e-parent\" data-id=\"211d729f\" data-element_type=\"container\" data-settings=\"{&quot;background_background&quot;:&quot;classic&quot;}\">\n\t\t\t\t\t<div class=\"e-con-inner\">\n\t\t<div class=\"elementor-element elementor-element-3ebdb2be e-con-full e-flex elementor-invisible e-con e-child\" data-id=\"3ebdb2be\" data-element_type=\"container\" data-settings=\"{&quot;animation&quot;:&quot;fadeInLeft&quot;,&quot;animation_delay&quot;:300}\">\n\t\t\t\t<div class=\"elementor-element elementor-element-293f52e5 elementor-widget elementor-widget-image\" data-id=\"293f52e5\" data-element_type=\"widget\" data-settings=\"{&quot;sticky&quot;:&quot;top&quot;,&quot;sticky_parent&quot;:&quot;yes&quot;,&quot;sticky_on&quot;:[&quot;desktop&quot;,&quot;tablet&quot;,&quot;mobile&quot;],&quot;sticky_offset&quot;:0,&quot;sticky_effects_offset&quot;:0,&quot;sticky_anchor_link_offset&quot;:0}\" data-widget_type=\"image.default\">\n\t\t\t\t\t\t\t\t\t\t\t\t\t\t\t<img fetchpriority=\"high\" decoding=\"async\" width=\"1024\" height=\"1024\" src=\"https:\/\/alemilawgrp.com\/wp-content\/uploads\/2025\/11\/Gemini_Generated_Image_isru66isru66isru_cleanup.jpg\" class=\"attachment-full size-full wp-image-1172\" alt=\"\" srcset=\"https:\/\/alemilawgrp.com\/wp-content\/uploads\/2025\/11\/Gemini_Generated_Image_isru66isru66isru_cleanup.jpg 1024w, https:\/\/alemilawgrp.com\/wp-content\/uploads\/2025\/11\/Gemini_Generated_Image_isru66isru66isru_cleanup-300x300.jpg 300w, https:\/\/alemilawgrp.com\/wp-content\/uploads\/2025\/11\/Gemini_Generated_Image_isru66isru66isru_cleanup-150x150.jpg 150w, https:\/\/alemilawgrp.com\/wp-content\/uploads\/2025\/11\/Gemini_Generated_Image_isru66isru66isru_cleanup-768x768.jpg 768w, https:\/\/alemilawgrp.com\/wp-content\/uploads\/2025\/11\/Gemini_Generated_Image_isru66isru66isru_cleanup-12x12.jpg 12w\" sizes=\"(max-width: 1024px) 100vw, 1024px\" \/>\t\t\t\t\t\t\t\t\t\t\t\t\t\t\t<\/div>\n\t\t\t\t<\/div>\n\t\t<div class=\"elementor-element elementor-element-75248c5e e-con-full e-flex elementor-invisible e-con e-child\" data-id=\"75248c5e\" data-element_type=\"container\" data-settings=\"{&quot;animation&quot;:&quot;fadeInRight&quot;,&quot;animation_delay&quot;:350}\">\n\t\t\t\t<div class=\"elementor-element elementor-element-24715279 elementor-widget elementor-widget-heading\" data-id=\"24715279\" data-element_type=\"widget\" data-widget_type=\"heading.default\">\n\t\t\t\t\t<div class=\"elementor-heading-title elementor-size-default\"><b><span style=\"font-size: 28px;font-weight: 700\">Audi Lemon Law - Abogado de Recompra de California<\/span><\/b><br><br>\n\n<b>Derechos de los Propietarios de Audi en California ante la Ley del Lim\u00f3n<\/b><br><br>\n\nSi es propietario o arrendatario de un <b>Audi<\/b> y tiene problemas repetidos que el concesionario no puede solucionar, puede optar a una <b>Reembolso o sustituci\u00f3n seg\u00fan la Ley del Lim\u00f3n de California<\/b>. Muchos veh\u00edculos Audi experimentan defectos recurrentes que afectan a su <b>uso, valor o seguridad<\/b>, incluso despu\u00e9s de m\u00faltiples intentos de reparaci\u00f3n en garant\u00eda.<br><br>\n\nEn virtud de la <b>Ley del Lim\u00f3n de California (Ley Song-Beverly)<\/b>, el fabricante debe <b>readquirir o sustituir su veh\u00edculo<\/b> si califica como un lim\u00f3n. Y <b>usted no paga nada<\/b> para los honorarios de los abogados: el fabricante paga esos costes, no usted.<\/div>\t\t\t\t<\/div>\n\t\t\t\t<div class=\"elementor-element elementor-element-27402218 elementor-widget elementor-widget-heading\" data-id=\"27402218\" data-element_type=\"widget\" data-widget_type=\"heading.default\">\n\t\t\t\t\t<div class=\"elementor-heading-title elementor-size-default\"><b>Defectos comunes de Audi denunciados en California<br><\/b><br>\n- Fallos del sistema el\u00e9ctrico<br>\n- Consumo de aceite del motor\n<br>- Fallo del turbocompresor\n<br>- Dudas en la transmisi\u00f3n\n<br>- Fallos del sistema de infoentretenimiento MMI\n<br>- Problemas con la bater\u00eda del VE (Audi e-tron)\n<\/div>\t\t\t\t<\/div>\n\t\t\t\t<div class=\"elementor-element elementor-element-22c36fe2 elementor-widget elementor-widget-heading\" data-id=\"22c36fe2\" data-element_type=\"widget\" data-widget_type=\"heading.default\">\n\t\t\t\t\t<div class=\"elementor-heading-title elementor-size-default\"><b>\u00bfCu\u00e1ndo se considera que un Audi est\u00e1 defectuoso?<\/b><br><br>\n\n\nSu Audi puede acogerse a la protecci\u00f3n de la Ley del Lim\u00f3n si:<br>\n\n<br>\n- el defecto comenz\u00f3 <b>durante el periodo de garant\u00eda<\/b><br><br>- el concesionario hizo <b>m\u00faltiples intentos de reparaci\u00f3n<\/b> por el mismo problema O su veh\u00edculo pas\u00f3 <b>M\u00e1s de 30 d\u00edas en la tienda<\/b><br><br>- el defecto afecta al <b>seguridad, valor o fiabilidad<\/b> del veh\u00edculo\n<br><br>\n\nIncluso <b>problemas intermitentes<\/b> calificar si el concesionario no ha podido repararlos o duplicarlos.\n<\/div>\t\t\t\t<\/div>\n\t\t\t\t<\/div>\n\t\t\t\t\t<\/div>\n\t\t\t\t<\/div>\n\t\t<div class=\"elementor-element elementor-element-6aa0ee1 e-flex e-con-boxed e-con e-parent\" data-id=\"6aa0ee1\" data-element_type=\"container\" data-settings=\"{&quot;background_background&quot;:&quot;classic&quot;}\">\n\t\t\t\t\t<div class=\"e-con-inner\">\n\t\t<div class=\"elementor-element elementor-element-1204f64a e-con-full e-flex elementor-invisible e-con e-child\" data-id=\"1204f64a\" data-element_type=\"container\" data-settings=\"{&quot;animation&quot;:&quot;fadeInLeft&quot;,&quot;animation_delay&quot;:300}\">\n\t\t\t\t<div class=\"elementor-element elementor-element-6622a20a elementor-widget elementor-widget-image\" data-id=\"6622a20a\" data-element_type=\"widget\" data-settings=\"{&quot;sticky&quot;:&quot;top&quot;,&quot;sticky_parent&quot;:&quot;yes&quot;,&quot;sticky_on&quot;:[&quot;desktop&quot;,&quot;tablet&quot;,&quot;mobile&quot;],&quot;sticky_offset&quot;:0,&quot;sticky_effects_offset&quot;:0,&quot;sticky_anchor_link_offset&quot;:0}\" data-widget_type=\"image.default\">\n\t\t\t\t\t\t\t\t\t\t\t\t\t\t\t<img decoding=\"async\" width=\"1024\" height=\"1024\" src=\"https:\/\/alemilawgrp.com\/wp-content\/uploads\/2025\/11\/Gemini_Generated_Image_hkif6jhkif6jhkif_cleanup.jpg\" class=\"attachment-full size-full wp-image-1173\" alt=\"\" srcset=\"https:\/\/alemilawgrp.com\/wp-content\/uploads\/2025\/11\/Gemini_Generated_Image_hkif6jhkif6jhkif_cleanup.jpg 1024w, https:\/\/alemilawgrp.com\/wp-content\/uploads\/2025\/11\/Gemini_Generated_Image_hkif6jhkif6jhkif_cleanup-300x300.jpg 300w, https:\/\/alemilawgrp.com\/wp-content\/uploads\/2025\/11\/Gemini_Generated_Image_hkif6jhkif6jhkif_cleanup-150x150.jpg 150w, https:\/\/alemilawgrp.com\/wp-content\/uploads\/2025\/11\/Gemini_Generated_Image_hkif6jhkif6jhkif_cleanup-768x768.jpg 768w, https:\/\/alemilawgrp.com\/wp-content\/uploads\/2025\/11\/Gemini_Generated_Image_hkif6jhkif6jhkif_cleanup-12x12.jpg 12w\" sizes=\"(max-width: 1024px) 100vw, 1024px\" \/>\t\t\t\t\t\t\t\t\t\t\t\t\t\t\t<\/div>\n\t\t\t\t<\/div>\n\t\t<div class=\"elementor-element elementor-element-37a0f869 e-con-full e-flex elementor-invisible e-con e-child\" data-id=\"37a0f869\" data-element_type=\"container\" data-settings=\"{&quot;animation&quot;:&quot;fadeInRight&quot;,&quot;animation_delay&quot;:350}\">\n\t\t\t\t<div class=\"elementor-element elementor-element-69d3b5e elementor-widget elementor-widget-heading\" data-id=\"69d3b5e\" data-element_type=\"widget\" data-widget_type=\"heading.default\">\n\t\t\t\t\t<h3 class=\"elementor-heading-title elementor-size-default\">A qu\u00e9 puede tener derecho\n<\/h3>\t\t\t\t<\/div>\n\t\t\t\t<div class=\"elementor-element elementor-element-8f89829 elementor-widget elementor-widget-heading\" data-id=\"8f89829\" data-element_type=\"widget\" data-widget_type=\"heading.default\">\n\t\t\t\t\t<div class=\"elementor-heading-title elementor-size-default\">Si su Audi es un lim\u00f3n, puede recibir:<\/div>\t\t\t\t<\/div>\n\t\t\t\t<div class=\"elementor-element elementor-element-fc2c555 elementor-icon-list--layout-traditional elementor-list-item-link-full_width elementor-widget elementor-widget-icon-list\" data-id=\"fc2c555\" data-element_type=\"widget\" data-widget_type=\"icon-list.default\">\n\t\t\t\t\t\t\t<ul class=\"elementor-icon-list-items\">\n\t\t\t\t\t\t\t<li class=\"elementor-icon-list-item\">\n\t\t\t\t\t\t\t\t\t\t\t<span class=\"elementor-icon-list-icon\">\n\t\t\t\t\t\t\t<svg aria-hidden=\"true\" class=\"e-font-icon-svg e-fas-check\" viewbox=\"0 0 512 512\" xmlns=\"http:\/\/www.w3.org\/2000\/svg\"><path d=\"M173.898 439.404l-166.4-166.4c-9.997-9.997-9.997-26.206 0-36.204l36.203-36.204c9.997-9.998 26.207-9.998 36.204 0L192 312.69 432.095 72.596c9.997-9.997 26.207-9.997 36.204 0l36.203 36.204c9.997 9.997 9.997 26.206 0 36.204l-294.4 294.401c-9.998 9.997-26.207 9.997-36.204-.001z\"><\/path><\/svg>\t\t\t\t\t\t<\/span>\n\t\t\t\t\t\t\t\t\t\t<span class=\"elementor-icon-list-text\">Reembolso \u00edntegro (recompra)<\/span>\n\t\t\t\t\t\t\t\t\t<\/li>\n\t\t\t\t\t\t\t\t<li class=\"elementor-icon-list-item\">\n\t\t\t\t\t\t\t\t\t\t\t<span class=\"elementor-icon-list-icon\">\n\t\t\t\t\t\t\t<svg aria-hidden=\"true\" class=\"e-font-icon-svg e-fas-check\" viewbox=\"0 0 512 512\" xmlns=\"http:\/\/www.w3.org\/2000\/svg\"><path d=\"M173.898 439.404l-166.4-166.4c-9.997-9.997-9.997-26.206 0-36.204l36.203-36.204c9.997-9.998 26.207-9.998 36.204 0L192 312.69 432.095 72.596c9.997-9.997 26.207-9.997 36.204 0l36.203 36.204c9.997 9.997 9.997 26.206 0 36.204l-294.4 294.401c-9.998 9.997-26.207 9.997-36.204-.001z\"><\/path><\/svg>\t\t\t\t\t\t<\/span>\n\t\t\t\t\t\t\t\t\t\t<span class=\"elementor-icon-list-text\">Un veh\u00edculo de sustituci\u00f3n<\/span>\n\t\t\t\t\t\t\t\t\t<\/li>\n\t\t\t\t\t\t\t\t<li class=\"elementor-icon-list-item\">\n\t\t\t\t\t\t\t\t\t\t\t<span class=\"elementor-icon-list-icon\">\n\t\t\t\t\t\t\t<svg aria-hidden=\"true\" class=\"e-font-icon-svg e-fas-check\" viewbox=\"0 0 512 512\" xmlns=\"http:\/\/www.w3.org\/2000\/svg\"><path d=\"M173.898 439.404l-166.4-166.4c-9.997-9.997-9.997-26.206 0-36.204l36.203-36.204c9.997-9.998 26.207-9.998 36.204 0L192 312.69 432.095 72.596c9.997-9.997 26.207-9.997 36.204 0l36.203 36.204c9.997 9.997 9.997 26.206 0 36.204l-294.4 294.401c-9.998 9.997-26.207 9.997-36.204-.001z\"><\/path><\/svg>\t\t\t\t\t\t<\/span>\n\t\t\t\t\t\t\t\t\t\t<span class=\"elementor-icon-list-text\">Indemnizaci\u00f3n en met\u00e1lico (si te quedas con el coche)<\/span>\n\t\t\t\t\t\t\t\t\t<\/li>\n\t\t\t\t\t\t\t\t<li class=\"elementor-icon-list-item\">\n\t\t\t\t\t\t\t\t\t\t\t<span class=\"elementor-icon-list-icon\">\n\t\t\t\t\t\t\t<svg aria-hidden=\"true\" class=\"e-font-icon-svg e-fas-check\" viewbox=\"0 0 512 512\" xmlns=\"http:\/\/www.w3.org\/2000\/svg\"><path d=\"M173.898 439.404l-166.4-166.4c-9.997-9.997-9.997-26.206 0-36.204l36.203-36.204c9.997-9.998 26.207-9.998 36.204 0L192 312.69 432.095 72.596c9.997-9.997 26.207-9.997 36.204 0l36.203 36.204c9.997 9.997 9.997 26.206 0 36.204l-294.4 294.401c-9.998 9.997-26.207 9.997-36.204-.001z\"><\/path><\/svg>\t\t\t\t\t\t<\/span>\n\t\t\t\t\t\t\t\t\t\t<span class=\"elementor-icon-list-text\">Sanciones civiles si el fabricante ha infringido deliberadamente la ley<\/span>\n\t\t\t\t\t\t\t\t\t<\/li>\n\t\t\t\t\t\t\t\t<li class=\"elementor-icon-list-item\">\n\t\t\t\t\t\t\t\t\t\t\t<span class=\"elementor-icon-list-icon\">\n\t\t\t\t\t\t\t<svg aria-hidden=\"true\" class=\"e-font-icon-svg e-fas-check\" viewbox=\"0 0 512 512\" xmlns=\"http:\/\/www.w3.org\/2000\/svg\"><path d=\"M173.898 439.404l-166.4-166.4c-9.997-9.997-9.997-26.206 0-36.204l36.203-36.204c9.997-9.998 26.207-9.998 36.204 0L192 312.69 432.095 72.596c9.997-9.997 26.207-9.997 36.204 0l36.203 36.204c9.997 9.997 9.997 26.206 0 36.204l-294.4 294.401c-9.998 9.997-26.207 9.997-36.204-.001z\"><\/path><\/svg>\t\t\t\t\t\t<\/span>\n\t\t\t\t\t\t\t\t\t\t<span class=\"elementor-icon-list-text\">Honorarios del abogado pagados por el fabricante<\/span>\n\t\t\t\t\t\t\t\t\t<\/li>\n\t\t\t\t\t\t<\/ul>\n\t\t\t\t\t\t<\/div>\n\t\t\t\t<div class=\"elementor-element elementor-element-3a890d73 elementor-widget elementor-widget-heading\" data-id=\"3a890d73\" data-element_type=\"widget\" data-widget_type=\"heading.default\">\n\t\t\t\t\t<div class=\"elementor-heading-title elementor-size-default\">Los consumidores de todo California pueden acogerse a la garant\u00eda aunque el defecto aparezca despu\u00e9s de que expire la garant\u00eda, siempre que la <b>primera aparici\u00f3n<\/b> fue <b>durante<\/b> la garant\u00eda.<br><br>\n\n\n<b>Revisi\u00f3n gratuita del caso Audi Lemon Law<\/b>\n\n\n<br><br>Si su Audi sigue teniendo problemas, Alemi Law Group puede ayudarle a determinar si califica bajo la Ley del Lim\u00f3n de California.\n<br><br>\n\n<img decoding=\"async\" role=\"img\" class=\"emoji\" alt=\"\ud83d\udcde\" src=\"https:\/\/s.w.org\/images\/core\/emoji\/16.0.1\/svg\/1f4de.svg\"> Llame al (818) 946-9911\n<br><img decoding=\"async\" role=\"img\" class=\"emoji\" alt=\"\ud83d\udce9\" src=\"https:\/\/s.w.org\/images\/core\/emoji\/16.0.1\/svg\/1f4e9.svg\"> Correo electr\u00f3nico: info@alemilawgrp.com\n<br><br>\n\nRepresentamos con orgullo a los consumidores <b>en toda California<\/b>.<\/div>\t\t\t\t<\/div>\n\t\t\t\t<\/div>\n\t\t\t\t\t<\/div>\n\t\t\t\t<\/div>\n\t\t\t\t<\/div>\n\t\t\n    <div class=\"xs_social_share_widget xs_share_url after_content \t\tmain_content  wslu-style-1 wslu-share-box-shaped wslu-fill-colored wslu-none wslu-share-horizontal wslu-theme-font-no wslu-main_content\">\n\n\t\t\n        <ul>\n\t\t\t        <\/ul>\n    <\/div>","protected":false},"excerpt":{"rendered":"<p>Audi Lemon Law \u2013 California Buyback Attorney Lemon Law Rights for Audi Owners in California If you own or lease an Audi and it has repeated problems the dealership cannot fix, you may qualify for a California Lemon Law refund or replacement. Many Audi vehicles experience recurring defects that affect their use, value, or safety, [&hellip;]<\/p>","protected":false},"author":1,"featured_media":0,"parent":899,"menu_order":0,"comment_status":"closed","ping_status":"closed","template":"","meta":{"postBodyCss":"","postBodyMargin":[],"postBodyPadding":[],"postBodyBackground":{"backgroundType":"classic","gradient":""},"footnotes":""},"class_list":["post-1014","page","type-page","status-publish","hentry"],"yoast_head":"<!-- This site is optimized with the Yoast SEO plugin v26.6 - https:\/\/yoast.com\/wordpress\/plugins\/seo\/ -->\n<title>Audi - Alemi Law<\/title>\n<meta name=\"description\" content=\"California Audi Lemon Law attorney helping drivers with engine, electrical, transmission and safety defects. We fight for refunds, replacements or compensation. Free consultation.\" \/>\n<meta name=\"robots\" content=\"index, follow, max-snippet:-1, max-image-preview:large, max-video-preview:-1\" \/>\n<link rel=\"canonical\" href=\"https:\/\/alemilawgrp.com\/es\/fabricantes\/audi\/\" \/>\n<meta property=\"og:locale\" content=\"es_ES\" \/>\n<meta property=\"og:type\" content=\"article\" \/>\n<meta property=\"og:title\" content=\"Audi - Alemi Law\" \/>\n<meta property=\"og:description\" content=\"California Audi Lemon Law attorney helping drivers with engine, electrical, transmission and safety defects. We fight for refunds, replacements or compensation. Free consultation.\" \/>\n<meta property=\"og:url\" content=\"https:\/\/alemilawgrp.com\/es\/fabricantes\/audi\/\" \/>\n<meta property=\"og:site_name\" content=\"Alemi Law Group\" \/>\n<meta property=\"article:publisher\" content=\"https:\/\/www.facebook.com\/alemilawgrp?mibextid=wwXIfr\" \/>\n<meta property=\"article:modified_time\" content=\"2025-11-28T00:52:29+00:00\" \/>\n<meta property=\"og:image\" content=\"http:\/\/alemilawgrp.com\/wp-content\/uploads\/2025\/11\/Gemini_Generated_Image_isru66isru66isru_cleanup.jpg\" \/>\n<meta name=\"twitter:card\" content=\"summary_large_image\" \/>\n<meta name=\"twitter:label1\" content=\"Tiempo de lectura\" \/>\n\t<meta name=\"twitter:data1\" content=\"3 minutos\" \/>\n<script type=\"application\/ld+json\" class=\"yoast-schema-graph\">{\"@context\":\"https:\/\/schema.org\",\"@graph\":[{\"@type\":\"WebPage\",\"@id\":\"https:\/\/alemilawgrp.com\/manufacturers\/audi\/\",\"url\":\"https:\/\/alemilawgrp.com\/manufacturers\/audi\/\",\"name\":\"Audi - Alemi Law\",\"isPartOf\":{\"@id\":\"https:\/\/alemilawgrp.com\/#website\"},\"primaryImageOfPage\":{\"@id\":\"https:\/\/alemilawgrp.com\/manufacturers\/audi\/#primaryimage\"},\"image\":{\"@id\":\"https:\/\/alemilawgrp.com\/manufacturers\/audi\/#primaryimage\"},\"thumbnailUrl\":\"http:\/\/alemilawgrp.com\/wp-content\/uploads\/2025\/11\/Gemini_Generated_Image_isru66isru66isru_cleanup.jpg\",\"datePublished\":\"2025-11-21T04:35:06+00:00\",\"dateModified\":\"2025-11-28T00:52:29+00:00\",\"description\":\"California Audi Lemon Law attorney helping drivers with engine, electrical, transmission and safety defects. We fight for refunds, replacements or compensation. Free consultation.\",\"breadcrumb\":{\"@id\":\"https:\/\/alemilawgrp.com\/manufacturers\/audi\/#breadcrumb\"},\"inLanguage\":\"es\",\"potentialAction\":[{\"@type\":\"ReadAction\",\"target\":[\"https:\/\/alemilawgrp.com\/manufacturers\/audi\/\"]}]},{\"@type\":\"ImageObject\",\"inLanguage\":\"es\",\"@id\":\"https:\/\/alemilawgrp.com\/manufacturers\/audi\/#primaryimage\",\"url\":\"http:\/\/alemilawgrp.com\/wp-content\/uploads\/2025\/11\/Gemini_Generated_Image_isru66isru66isru_cleanup.jpg\",\"contentUrl\":\"http:\/\/alemilawgrp.com\/wp-content\/uploads\/2025\/11\/Gemini_Generated_Image_isru66isru66isru_cleanup.jpg\"},{\"@type\":\"BreadcrumbList\",\"@id\":\"https:\/\/alemilawgrp.com\/manufacturers\/audi\/#breadcrumb\",\"itemListElement\":[{\"@type\":\"ListItem\",\"position\":1,\"name\":\"Home\",\"item\":\"https:\/\/alemilawgrp.com\/\"},{\"@type\":\"ListItem\",\"position\":2,\"name\":\"Manufacturers\",\"item\":\"https:\/\/alemilawgrp.com\/manufacturers\/\"},{\"@type\":\"ListItem\",\"position\":3,\"name\":\"Audi\"}]},{\"@type\":\"WebSite\",\"@id\":\"https:\/\/alemilawgrp.com\/#website\",\"url\":\"https:\/\/alemilawgrp.com\/\",\"name\":\"Alemi Law Group\",\"description\":\"\",\"publisher\":{\"@id\":\"https:\/\/alemilawgrp.com\/#organization\"},\"potentialAction\":[{\"@type\":\"SearchAction\",\"target\":{\"@type\":\"EntryPoint\",\"urlTemplate\":\"https:\/\/alemilawgrp.com\/?s={search_term_string}\"},\"query-input\":{\"@type\":\"PropertyValueSpecification\",\"valueRequired\":true,\"valueName\":\"search_term_string\"}}],\"inLanguage\":\"es\"},{\"@type\":\"Organization\",\"@id\":\"https:\/\/alemilawgrp.com\/#organization\",\"name\":\"Alemi Law Group\",\"url\":\"https:\/\/alemilawgrp.com\/\",\"logo\":{\"@type\":\"ImageObject\",\"inLanguage\":\"es\",\"@id\":\"https:\/\/alemilawgrp.com\/#\/schema\/logo\/image\/\",\"url\":\"https:\/\/alemilawgrp.com\/wp-content\/uploads\/2025\/11\/Black-logo-no-background-1-scaled.png\",\"contentUrl\":\"https:\/\/alemilawgrp.com\/wp-content\/uploads\/2025\/11\/Black-logo-no-background-1-scaled.png\",\"width\":2560,\"height\":2560,\"caption\":\"Alemi Law Group\"},\"image\":{\"@id\":\"https:\/\/alemilawgrp.com\/#\/schema\/logo\/image\/\"},\"sameAs\":[\"https:\/\/www.facebook.com\/alemilawgrp?mibextid=wwXIfr\",\"https:\/\/www.instagram.com\/alemilemonlaw\/?hl=en\",\"https:\/\/www.tiktok.com\/@alemilemonlaw\"]}]}<\/script>\n<!-- \/ Yoast SEO plugin. -->","yoast_head_json":{"title":"Audi - Alemi Law","description":"California Audi Lemon Law abogado que ayuda a los conductores con el motor, el\u00e9ctrica, transmisi\u00f3n y defectos de seguridad. Luchamos por reembolsos, reemplazos o compensaci\u00f3n. Consulta gratis.","robots":{"index":"index","follow":"follow","max-snippet":"max-snippet:-1","max-image-preview":"max-image-preview:large","max-video-preview":"max-video-preview:-1"},"canonical":"https:\/\/alemilawgrp.com\/es\/fabricantes\/audi\/","og_locale":"es_ES","og_type":"article","og_title":"Audi - Alemi Law","og_description":"California Audi Lemon Law attorney helping drivers with engine, electrical, transmission and safety defects. We fight for refunds, replacements or compensation. Free consultation.","og_url":"https:\/\/alemilawgrp.com\/es\/fabricantes\/audi\/","og_site_name":"Alemi Law Group","article_publisher":"https:\/\/www.facebook.com\/alemilawgrp?mibextid=wwXIfr","article_modified_time":"2025-11-28T00:52:29+00:00","og_image":[{"url":"http:\/\/alemilawgrp.com\/wp-content\/uploads\/2025\/11\/Gemini_Generated_Image_isru66isru66isru_cleanup.jpg","type":"","width":"","height":""}],"twitter_card":"summary_large_image","twitter_misc":{"Tiempo de lectura":"3 minutos"},"schema":{"@context":"https:\/\/schema.org","@graph":[{"@type":"WebPage","@id":"https:\/\/alemilawgrp.com\/manufacturers\/audi\/","url":"https:\/\/alemilawgrp.com\/manufacturers\/audi\/","name":"Audi - Alemi Law","isPartOf":{"@id":"https:\/\/alemilawgrp.com\/#website"},"primaryImageOfPage":{"@id":"https:\/\/alemilawgrp.com\/manufacturers\/audi\/#primaryimage"},"image":{"@id":"https:\/\/alemilawgrp.com\/manufacturers\/audi\/#primaryimage"},"thumbnailUrl":"http:\/\/alemilawgrp.com\/wp-content\/uploads\/2025\/11\/Gemini_Generated_Image_isru66isru66isru_cleanup.jpg","datePublished":"2025-11-21T04:35:06+00:00","dateModified":"2025-11-28T00:52:29+00:00","description":"California Audi Lemon Law abogado que ayuda a los conductores con el motor, el\u00e9ctrica, transmisi\u00f3n y defectos de seguridad. Luchamos por reembolsos, reemplazos o compensaci\u00f3n. Consulta gratis.","breadcrumb":{"@id":"https:\/\/alemilawgrp.com\/manufacturers\/audi\/#breadcrumb"},"inLanguage":"es","potentialAction":[{"@type":"ReadAction","target":["https:\/\/alemilawgrp.com\/manufacturers\/audi\/"]}]},{"@type":"ImageObject","inLanguage":"es","@id":"https:\/\/alemilawgrp.com\/manufacturers\/audi\/#primaryimage","url":"http:\/\/alemilawgrp.com\/wp-content\/uploads\/2025\/11\/Gemini_Generated_Image_isru66isru66isru_cleanup.jpg","contentUrl":"http:\/\/alemilawgrp.com\/wp-content\/uploads\/2025\/11\/Gemini_Generated_Image_isru66isru66isru_cleanup.jpg"},{"@type":"BreadcrumbList","@id":"https:\/\/alemilawgrp.com\/manufacturers\/audi\/#breadcrumb","itemListElement":[{"@type":"ListItem","position":1,"name":"Home","item":"https:\/\/alemilawgrp.com\/"},{"@type":"ListItem","position":2,"name":"Manufacturers","item":"https:\/\/alemilawgrp.com\/manufacturers\/"},{"@type":"ListItem","position":3,"name":"Audi"}]},{"@type":"WebSite","@id":"https:\/\/alemilawgrp.com\/#website","url":"https:\/\/alemilawgrp.com\/","name":"Alemi Law Group","description":"","publisher":{"@id":"https:\/\/alemilawgrp.com\/#organization"},"potentialAction":[{"@type":"SearchAction","target":{"@type":"EntryPoint","urlTemplate":"https:\/\/alemilawgrp.com\/?s={search_term_string}"},"query-input":{"@type":"PropertyValueSpecification","valueRequired":true,"valueName":"search_term_string"}}],"inLanguage":"es"},{"@type":"Organization","@id":"https:\/\/alemilawgrp.com\/#organization","name":"Alemi Law Group","url":"https:\/\/alemilawgrp.com\/","logo":{"@type":"ImageObject","inLanguage":"es","@id":"https:\/\/alemilawgrp.com\/#\/schema\/logo\/image\/","url":"https:\/\/alemilawgrp.com\/wp-content\/uploads\/2025\/11\/Black-logo-no-background-1-scaled.png","contentUrl":"https:\/\/alemilawgrp.com\/wp-content\/uploads\/2025\/11\/Black-logo-no-background-1-scaled.png","width":2560,"height":2560,"caption":"Alemi Law Group"},"image":{"@id":"https:\/\/alemilawgrp.com\/#\/schema\/logo\/image\/"},"sameAs":["https:\/\/www.facebook.com\/alemilawgrp?mibextid=wwXIfr","https:\/\/www.instagram.com\/alemilemonlaw\/?hl=en","https:\/\/www.tiktok.com\/@alemilemonlaw"]}]}},"_links":{"self":[{"href":"https:\/\/alemilawgrp.com\/es\/wp-json\/wp\/v2\/pages\/1014","targetHints":{"allow":["GET"]}}],"collection":[{"href":"https:\/\/alemilawgrp.com\/es\/wp-json\/wp\/v2\/pages"}],"about":[{"href":"https:\/\/alemilawgrp.com\/es\/wp-json\/wp\/v2\/types\/page"}],"author":[{"embeddable":true,"href":"https:\/\/alemilawgrp.com\/es\/wp-json\/wp\/v2\/users\/1"}],"replies":[{"embeddable":true,"href":"https:\/\/alemilawgrp.com\/es\/wp-json\/wp\/v2\/comments?post=1014"}],"version-history":[{"count":13,"href":"https:\/\/alemilawgrp.com\/es\/wp-json\/wp\/v2\/pages\/1014\/revisions"}],"predecessor-version":[{"id":1176,"href":"https:\/\/alemilawgrp.com\/es\/wp-json\/wp\/v2\/pages\/1014\/revisions\/1176"}],"up":[{"embeddable":true,"href":"https:\/\/alemilawgrp.com\/es\/wp-json\/wp\/v2\/pages\/899"}],"wp:attachment":[{"href":"https:\/\/alemilawgrp.com\/es\/wp-json\/wp\/v2\/media?parent=1014"}],"curies":[{"name":"wp","href":"https:\/\/api.w.org\/{rel}","templated":true}]}}